{"id":3661,"date":"2015-10-18T22:40:15","date_gmt":"2015-10-18T21:40:15","guid":{"rendered":"http:\/\/forstmuseum.at\/?page_id=3661"},"modified":"2015-10-18T22:59:32","modified_gmt":"2015-10-18T21:59:32","slug":"wald-thementag-ho-ruck-baeume-unterwegs-in-grossreifling","status":"publish","type":"page","link":"http:\/\/forstmuseum.at\/?page_id=3661","title":{"rendered":"Wald &#8211; Thementag \u201eHo ruck- B\u00e4ume unterwegs\u201c in Gro\u00dfreifling"},"content":{"rendered":"<p><strong>Wald &#8211; Thementag \u201eHo ruck- B\u00e4ume unterwegs\u201c in Gro\u00dfreifling<\/strong><\/p>\n<p>Auf einem guten gemeinsamen Weg befinden sich Volksschule Landl, Forstmuseumsverein Gro\u00dfreifling und Forstbetrieb Steiermark der \u00d6sterreichischen Bundesforste AG \u2013 wenn es um nachhaltige Vermittlungsarbeit in der Forstwirtschaft geht.<\/p>\n<p>Heuer lernten die Landler Schulkinder im spannenden Stationsbetrieb am Lagerplatz Gro\u00dfreifling die vielf\u00e4ltigen M\u00f6glichkeiten der Holzbringung kennen.<\/p>\n<p>Mit besonderer Ber\u00fccksichtigung der Sicherheit aller Teilnehmer wurde bei der LKW \u2013 Verladung zugeschaut, eine \u00a0Traktor-Seilwinde bedient, kr\u00e4ftig mit dem Seil gezogen und \u00a0unter fachkundiger Anleitung mit\u00a0 Forstwerkzeugen gearbeitet.<\/p>\n<p>Viel Bewegung und gro\u00dfen Einsatz erforderte das Holzr\u00fccken \u00fcber Hindernisse, ein Staffellauf und der Zusammenbau des Stockpuzzles.<\/p>\n<p>Im Clementiduck bei Forstmuseum Silvanum gab es zur St\u00e4rkung Erd\u00e4pfelsuppe und selbstgebackenes Steckerlbrot \u2013 schlie\u00dflich galt es im Museum noch Flo\u00df, Schlitten, Kutsche und Schubkarren auszuprobieren.<\/p>\n<p>Durch Kooperation und Zusammenarbeit mit Partnern in der Region ist eine erfolgreiche Durchf\u00fchrung m\u00f6glich\u2013 ein gro\u00dfes Dankesch\u00f6n f\u00fcr die gro\u00dfartige Unterst\u00fctzung:<\/p>\n<p>Manfred Werner &#8211; LKW- Verladung aus Wildalpen,<\/p>\n<p>Fa. Albin Arrer \u2013 Holzschl\u00e4gerungsunternehmer aus Landl<\/p>\n<p>Fa. Hirtenlehner \u2013 Schmiede- Land- und Forstmaschinen aus Palfau<\/p>\n<p>Martin Atzlinger \u2013 Holzverladung<\/p>\n<p>Martin Neuhold, Bernhard Jagetsberger und Christian Maunz &#8211; Forstbetrieb Steiermark\u00a0 der \u00d6sterreichischen Bundesforste AG, Forstrevier Gro\u00dfreifling<\/p>\n<p>Brigitte Neuhold und Sabine Arrer, Waldp\u00e4dagogik<\/p>\n<p>Forst+Kulturvermittlung Veronika Frank und Elfriede Kronsteiner<\/p>\n<p>VS Dir. Gerda Moser, alle P\u00e4dagoginnen, Eltern und Kinder der Volksschule Landl<\/p>\n<p>Gesamtkonzept: Brigitte Neuhold und Veronika Frank<\/p>\n<p><!-- index.php -->\n<div\n\tclass=\"ngg-galleryoverview\n\t\t\"\n\tid=\"ngg-gallery-66a34e61e47c11e0fa9e4354a7652fba-1\">\n\n\t\t<div class=\"slideshowlink\">\n\t\t<a href='http:\/\/forstmuseum.at\/index.php\/nggallery\/slideshow?page_id=3661'>[Show slideshow]<\/a>\n\n\t<\/div>\n\t\t\t<!-- Thumbnails -->\n\t\t\t\t<div id=\"ngg-image-0\" class=\"ngg-gallery-thumbnail-box\"\n\t\t\t\t\t\t\t\t\t\t\t>\n\t\t\t\t\t\t<div class=\"ngg-gallery-thumbnail\">\n\t\t\t<a href=\"http:\/\/forstmuseum.at\/wp-content\/gallery\/horuck\/SAM_9662.jpg\"\n\t\t\t\ttitle=\"\"\n\t\t\t\tdata-src=\"http:\/\/forstmuseum.at\/wp-content\/gallery\/horuck\/SAM_9662.jpg\"\n\t\t\t\tdata-thumbnail=\"http:\/\/forstmuseum.at\/wp-content\/gallery\/horuck\/thumbs\/thumbs_SAM_9662.jpg\"\n\t\t\t\tdata-image-id=\"1469\"\n\t\t\t\tdata-title=\"SAM_9662\"\n\t\t\t\tdata-description=\"\"\n\t\t\t\tdata-image-slug=\"sam_9662\"\n\t\t\t\t\t\t\t\t\t\t\t\t\t\t\t\t\t\t\t\tclass=\"ngg-fancybox\" rel=\"66a34e61e47c11e0fa9e4354a7652fba\">\n\t\t\t\t\t\t\t\t<img\n\t\t\t\t\ttitle=\"SAM_9662\"\n\t\t\t\t\talt=\"SAM_9662\"\n\t\t\t\t\tsrc=\"http:\/\/forstmuseum.at\/wp-content\/gallery\/horuck\/thumbs\/thumbs_SAM_9662.jpg\"\n\t\t\t\t\twidth=\"120\"\n\t\t\t\t\theight=\"90\"\n\t\t\t\t\tstyle=\"max-width:100%;\"\n\t\t\t\t\/>\n\t\t\t<\/a>\n\t\t<\/div>\n\t\t\t\t\t\t\t<\/div>\n\t\t\t\n\t\t\n\t\t\t\t<div id=\"ngg-image-1\" class=\"ngg-gallery-thumbnail-box\"\n\t\t\t\t\t\t\t\t\t\t\t>\n\t\t\t\t\t\t<div class=\"ngg-gallery-thumbnail\">\n\t\t\t<a href=\"http:\/\/forstmuseum.at\/wp-content\/gallery\/horuck\/SAM_9663.jpg\"\n\t\t\t\ttitle=\"\"\n\t\t\t\tdata-src=\"http:\/\/forstmuseum.at\/wp-content\/gallery\/horuck\/SAM_9663.jpg\"\n\t\t\t\tdata-thumbnail=\"http:\/\/forstmuseum.at\/wp-content\/gallery\/horuck\/thumbs\/thumbs_SAM_9663.jpg\"\n\t\t\t\tdata-image-id=\"1470\"\n\t\t\t\tdata-title=\"SAM_9663\"\n\t\t\t\tdata-description=\"\"\n\t\t\t\tdata-image-slug=\"sam_9663\"\n\t\t\t\t\t\t\t\t\t\t\t\t\t\t\t\t\t\t\t\tclass=\"ngg-fancybox\" rel=\"66a34e61e47c11e0fa9e4354a7652fba\">\n\t\t\t\t\t\t\t\t<img\n\t\t\t\t\ttitle=\"SAM_9663\"\n\t\t\t\t\talt=\"SAM_9663\"\n\t\t\t\t\tsrc=\"http:\/\/forstmuseum.at\/wp-content\/gallery\/horuck\/thumbs\/thumbs_SAM_9663.jpg\"\n\t\t\t\t\twidth=\"120\"\n\t\t\t\t\theight=\"90\"\n\t\t\t\t\tstyle=\"max-width:100%;\"\n\t\t\t\t\/>\n\t\t\t<\/a>\n\t\t<\/div>\n\t\t\t\t\t\t\t<\/div>\n\t\t\t\n\t\t\n\t\t\t\t<div id=\"ngg-image-2\" class=\"ngg-gallery-thumbnail-box\"\n\t\t\t\t\t\t\t\t\t\t\t>\n\t\t\t\t\t\t<div class=\"ngg-gallery-thumbnail\">\n\t\t\t<a href=\"http:\/\/forstmuseum.at\/wp-content\/gallery\/horuck\/SAM_9664.jpg\"\n\t\t\t\ttitle=\"\"\n\t\t\t\tdata-src=\"http:\/\/forstmuseum.at\/wp-content\/gallery\/horuck\/SAM_9664.jpg\"\n\t\t\t\tdata-thumbnail=\"http:\/\/forstmuseum.at\/wp-content\/gallery\/horuck\/thumbs\/thumbs_SAM_9664.jpg\"\n\t\t\t\tdata-image-id=\"1471\"\n\t\t\t\tdata-title=\"SAM_9664\"\n\t\t\t\tdata-description=\"\"\n\t\t\t\tdata-image-slug=\"sam_9664\"\n\t\t\t\t\t\t\t\t\t\t\t\t\t\t\t\t\t\t\t\tclass=\"ngg-fancybox\" rel=\"66a34e61e47c11e0fa9e4354a7652fba\">\n\t\t\t\t\t\t\t\t<img\n\t\t\t\t\ttitle=\"SAM_9664\"\n\t\t\t\t\talt=\"SAM_9664\"\n\t\t\t\t\tsrc=\"http:\/\/forstmuseum.at\/wp-content\/gallery\/horuck\/thumbs\/thumbs_SAM_9664.jpg\"\n\t\t\t\t\twidth=\"120\"\n\t\t\t\t\theight=\"90\"\n\t\t\t\t\tstyle=\"max-width:100%;\"\n\t\t\t\t\/>\n\t\t\t<\/a>\n\t\t<\/div>\n\t\t\t\t\t\t\t<\/div>\n\t\t\t\n\t\t\n\t\t\t\t<div id=\"ngg-image-3\" class=\"ngg-gallery-thumbnail-box\"\n\t\t\t\t\t\t\t\t\t\t\t>\n\t\t\t\t\t\t<div class=\"ngg-gallery-thumbnail\">\n\t\t\t<a href=\"http:\/\/forstmuseum.at\/wp-content\/gallery\/horuck\/SAM_9665.jpg\"\n\t\t\t\ttitle=\"\"\n\t\t\t\tdata-src=\"http:\/\/forstmuseum.at\/wp-content\/gallery\/horuck\/SAM_9665.jpg\"\n\t\t\t\tdata-thumbnail=\"http:\/\/forstmuseum.at\/wp-content\/gallery\/horuck\/thumbs\/thumbs_SAM_9665.jpg\"\n\t\t\t\tdata-image-id=\"1472\"\n\t\t\t\tdata-title=\"SAM_9665\"\n\t\t\t\tdata-description=\"\"\n\t\t\t\tdata-image-slug=\"sam_9665\"\n\t\t\t\t\t\t\t\t\t\t\t\t\t\t\t\t\t\t\t\tclass=\"ngg-fancybox\" rel=\"66a34e61e47c11e0fa9e4354a7652fba\">\n\t\t\t\t\t\t\t\t<img\n\t\t\t\t\ttitle=\"SAM_9665\"\n\t\t\t\t\talt=\"SAM_9665\"\n\t\t\t\t\tsrc=\"http:\/\/forstmuseum.at\/wp-content\/gallery\/horuck\/thumbs\/thumbs_SAM_9665.jpg\"\n\t\t\t\t\twidth=\"120\"\n\t\t\t\t\theight=\"90\"\n\t\t\t\t\tstyle=\"max-width:100%;\"\n\t\t\t\t\/>\n\t\t\t<\/a>\n\t\t<\/div>\n\t\t\t\t\t\t\t<\/div>\n\t\t\t\n\t\t\n\t\t\t\t<div id=\"ngg-image-4\" class=\"ngg-gallery-thumbnail-box\"\n\t\t\t\t\t\t\t\t\t\t\t>\n\t\t\t\t\t\t<div class=\"ngg-gallery-thumbnail\">\n\t\t\t<a href=\"http:\/\/forstmuseum.at\/wp-content\/gallery\/horuck\/SAM_9666.jpg\"\n\t\t\t\ttitle=\"\"\n\t\t\t\tdata-src=\"http:\/\/forstmuseum.at\/wp-content\/gallery\/horuck\/SAM_9666.jpg\"\n\t\t\t\tdata-thumbnail=\"http:\/\/forstmuseum.at\/wp-content\/gallery\/horuck\/thumbs\/thumbs_SAM_9666.jpg\"\n\t\t\t\tdata-image-id=\"1473\"\n\t\t\t\tdata-title=\"SAM_9666\"\n\t\t\t\tdata-description=\"\"\n\t\t\t\tdata-image-slug=\"sam_9666\"\n\t\t\t\t\t\t\t\t\t\t\t\t\t\t\t\t\t\t\t\tclass=\"ngg-fancybox\" rel=\"66a34e61e47c11e0fa9e4354a7652fba\">\n\t\t\t\t\t\t\t\t<img\n\t\t\t\t\ttitle=\"SAM_9666\"\n\t\t\t\t\talt=\"SAM_9666\"\n\t\t\t\t\tsrc=\"http:\/\/forstmuseum.at\/wp-content\/gallery\/horuck\/thumbs\/thumbs_SAM_9666.jpg\"\n\t\t\t\t\twidth=\"120\"\n\t\t\t\t\theight=\"90\"\n\t\t\t\t\tstyle=\"max-width:100%;\"\n\t\t\t\t\/>\n\t\t\t<\/a>\n\t\t<\/div>\n\t\t\t\t\t\t\t<\/div>\n\t\t\t\n\t\t\n\t\t\t\t<div id=\"ngg-image-5\" class=\"ngg-gallery-thumbnail-box\"\n\t\t\t\t\t\t\t\t\t\t\t>\n\t\t\t\t\t\t<div class=\"ngg-gallery-thumbnail\">\n\t\t\t<a href=\"http:\/\/forstmuseum.at\/wp-content\/gallery\/horuck\/SAM_9667.jpg\"\n\t\t\t\ttitle=\"\"\n\t\t\t\tdata-src=\"http:\/\/forstmuseum.at\/wp-content\/gallery\/horuck\/SAM_9667.jpg\"\n\t\t\t\tdata-thumbnail=\"http:\/\/forstmuseum.at\/wp-content\/gallery\/horuck\/thumbs\/thumbs_SAM_9667.jpg\"\n\t\t\t\tdata-image-id=\"1474\"\n\t\t\t\tdata-title=\"SAM_9667\"\n\t\t\t\tdata-description=\"\"\n\t\t\t\tdata-image-slug=\"sam_9667\"\n\t\t\t\t\t\t\t\t\t\t\t\t\t\t\t\t\t\t\t\tclass=\"ngg-fancybox\" rel=\"66a34e61e47c11e0fa9e4354a7652fba\">\n\t\t\t\t\t\t\t\t<img\n\t\t\t\t\ttitle=\"SAM_9667\"\n\t\t\t\t\talt=\"SAM_9667\"\n\t\t\t\t\tsrc=\"http:\/\/forstmuseum.at\/wp-content\/gallery\/horuck\/thumbs\/thumbs_SAM_9667.jpg\"\n\t\t\t\t\twidth=\"120\"\n\t\t\t\t\theight=\"90\"\n\t\t\t\t\tstyle=\"max-width:100%;\"\n\t\t\t\t\/>\n\t\t\t<\/a>\n\t\t<\/div>\n\t\t\t\t\t\t\t<\/div>\n\t\t\t\n\t\t\n\t\t\t\t<div id=\"ngg-image-6\" class=\"ngg-gallery-thumbnail-box\"\n\t\t\t\t\t\t\t\t\t\t\t>\n\t\t\t\t\t\t<div class=\"ngg-gallery-thumbnail\">\n\t\t\t<a href=\"http:\/\/forstmuseum.at\/wp-content\/gallery\/horuck\/SAM_9668.jpg\"\n\t\t\t\ttitle=\"\"\n\t\t\t\tdata-src=\"http:\/\/forstmuseum.at\/wp-content\/gallery\/horuck\/SAM_9668.jpg\"\n\t\t\t\tdata-thumbnail=\"http:\/\/forstmuseum.at\/wp-content\/gallery\/horuck\/thumbs\/thumbs_SAM_9668.jpg\"\n\t\t\t\tdata-image-id=\"1475\"\n\t\t\t\tdata-title=\"SAM_9668\"\n\t\t\t\tdata-description=\"\"\n\t\t\t\tdata-image-slug=\"sam_9668\"\n\t\t\t\t\t\t\t\t\t\t\t\t\t\t\t\t\t\t\t\tclass=\"ngg-fancybox\" rel=\"66a34e61e47c11e0fa9e4354a7652fba\">\n\t\t\t\t\t\t\t\t<img\n\t\t\t\t\ttitle=\"SAM_9668\"\n\t\t\t\t\talt=\"SAM_9668\"\n\t\t\t\t\tsrc=\"http:\/\/forstmuseum.at\/wp-content\/gallery\/horuck\/thumbs\/thumbs_SAM_9668.jpg\"\n\t\t\t\t\twidth=\"120\"\n\t\t\t\t\theight=\"90\"\n\t\t\t\t\tstyle=\"max-width:100%;\"\n\t\t\t\t\/>\n\t\t\t<\/a>\n\t\t<\/div>\n\t\t\t\t\t\t\t<\/div>\n\t\t\t\n\t\t\n\t\t\t\t<div id=\"ngg-image-7\" class=\"ngg-gallery-thumbnail-box\"\n\t\t\t\t\t\t\t\t\t\t\t>\n\t\t\t\t\t\t<div class=\"ngg-gallery-thumbnail\">\n\t\t\t<a href=\"http:\/\/forstmuseum.at\/wp-content\/gallery\/horuck\/SAM_9669.jpg\"\n\t\t\t\ttitle=\"\"\n\t\t\t\tdata-src=\"http:\/\/forstmuseum.at\/wp-content\/gallery\/horuck\/SAM_9669.jpg\"\n\t\t\t\tdata-thumbnail=\"http:\/\/forstmuseum.at\/wp-content\/gallery\/horuck\/thumbs\/thumbs_SAM_9669.jpg\"\n\t\t\t\tdata-image-id=\"1476\"\n\t\t\t\tdata-title=\"SAM_9669\"\n\t\t\t\tdata-description=\"\"\n\t\t\t\tdata-image-slug=\"sam_9669\"\n\t\t\t\t\t\t\t\t\t\t\t\t\t\t\t\t\t\t\t\tclass=\"ngg-fancybox\" rel=\"66a34e61e47c11e0fa9e4354a7652fba\">\n\t\t\t\t\t\t\t\t<img\n\t\t\t\t\ttitle=\"SAM_9669\"\n\t\t\t\t\talt=\"SAM_9669\"\n\t\t\t\t\tsrc=\"http:\/\/forstmuseum.at\/wp-content\/gallery\/horuck\/thumbs\/thumbs_SAM_9669.jpg\"\n\t\t\t\t\twidth=\"120\"\n\t\t\t\t\theight=\"90\"\n\t\t\t\t\tstyle=\"max-width:100%;\"\n\t\t\t\t\/>\n\t\t\t<\/a>\n\t\t<\/div>\n\t\t\t\t\t\t\t<\/div>\n\t\t\t\n\t\t\n\t\t\t\t<div id=\"ngg-image-8\" class=\"ngg-gallery-thumbnail-box\"\n\t\t\t\t\t\t\t\t\t\t\t>\n\t\t\t\t\t\t<div class=\"ngg-gallery-thumbnail\">\n\t\t\t<a href=\"http:\/\/forstmuseum.at\/wp-content\/gallery\/horuck\/SAM_9672.jpg\"\n\t\t\t\ttitle=\"\"\n\t\t\t\tdata-src=\"http:\/\/forstmuseum.at\/wp-content\/gallery\/horuck\/SAM_9672.jpg\"\n\t\t\t\tdata-thumbnail=\"http:\/\/forstmuseum.at\/wp-content\/gallery\/horuck\/thumbs\/thumbs_SAM_9672.jpg\"\n\t\t\t\tdata-image-id=\"1477\"\n\t\t\t\tdata-title=\"SAM_9672\"\n\t\t\t\tdata-description=\"\"\n\t\t\t\tdata-image-slug=\"sam_9672\"\n\t\t\t\t\t\t\t\t\t\t\t\t\t\t\t\t\t\t\t\tclass=\"ngg-fancybox\" rel=\"66a34e61e47c11e0fa9e4354a7652fba\">\n\t\t\t\t\t\t\t\t<img\n\t\t\t\t\ttitle=\"SAM_9672\"\n\t\t\t\t\talt=\"SAM_9672\"\n\t\t\t\t\tsrc=\"http:\/\/forstmuseum.at\/wp-content\/gallery\/horuck\/thumbs\/thumbs_SAM_9672.jpg\"\n\t\t\t\t\twidth=\"120\"\n\t\t\t\t\theight=\"90\"\n\t\t\t\t\tstyle=\"max-width:100%;\"\n\t\t\t\t\/>\n\t\t\t<\/a>\n\t\t<\/div>\n\t\t\t\t\t\t\t<\/div>\n\t\t\t\n\t\t\n\t\t\t\t<div id=\"ngg-image-9\" class=\"ngg-gallery-thumbnail-box\"\n\t\t\t\t\t\t\t\t\t\t\t>\n\t\t\t\t\t\t<div class=\"ngg-gallery-thumbnail\">\n\t\t\t<a href=\"http:\/\/forstmuseum.at\/wp-content\/gallery\/horuck\/SAM_9673.jpg\"\n\t\t\t\ttitle=\"\"\n\t\t\t\tdata-src=\"http:\/\/forstmuseum.at\/wp-content\/gallery\/horuck\/SAM_9673.jpg\"\n\t\t\t\tdata-thumbnail=\"http:\/\/forstmuseum.at\/wp-content\/gallery\/horuck\/thumbs\/thumbs_SAM_9673.jpg\"\n\t\t\t\tdata-image-id=\"1478\"\n\t\t\t\tdata-title=\"SAM_9673\"\n\t\t\t\tdata-description=\"\"\n\t\t\t\tdata-image-slug=\"sam_9673\"\n\t\t\t\t\t\t\t\t\t\t\t\t\t\t\t\t\t\t\t\tclass=\"ngg-fancybox\" rel=\"66a34e61e47c11e0fa9e4354a7652fba\">\n\t\t\t\t\t\t\t\t<img\n\t\t\t\t\ttitle=\"SAM_9673\"\n\t\t\t\t\talt=\"SAM_9673\"\n\t\t\t\t\tsrc=\"http:\/\/forstmuseum.at\/wp-content\/gallery\/horuck\/thumbs\/thumbs_SAM_9673.jpg\"\n\t\t\t\t\twidth=\"120\"\n\t\t\t\t\theight=\"90\"\n\t\t\t\t\tstyle=\"max-width:100%;\"\n\t\t\t\t\/>\n\t\t\t<\/a>\n\t\t<\/div>\n\t\t\t\t\t\t\t<\/div>\n\t\t\t\n\t\t\n\t\t\t\t<div id=\"ngg-image-10\" class=\"ngg-gallery-thumbnail-box\"\n\t\t\t\t\t\t\t\t\t\t\t>\n\t\t\t\t\t\t<div class=\"ngg-gallery-thumbnail\">\n\t\t\t<a href=\"http:\/\/forstmuseum.at\/wp-content\/gallery\/horuck\/SAM_9674.jpg\"\n\t\t\t\ttitle=\"\"\n\t\t\t\tdata-src=\"http:\/\/forstmuseum.at\/wp-content\/gallery\/horuck\/SAM_9674.jpg\"\n\t\t\t\tdata-thumbnail=\"http:\/\/forstmuseum.at\/wp-content\/gallery\/horuck\/thumbs\/thumbs_SAM_9674.jpg\"\n\t\t\t\tdata-image-id=\"1479\"\n\t\t\t\tdata-title=\"SAM_9674\"\n\t\t\t\tdata-description=\"\"\n\t\t\t\tdata-image-slug=\"sam_9674\"\n\t\t\t\t\t\t\t\t\t\t\t\t\t\t\t\t\t\t\t\tclass=\"ngg-fancybox\" rel=\"66a34e61e47c11e0fa9e4354a7652fba\">\n\t\t\t\t\t\t\t\t<img\n\t\t\t\t\ttitle=\"SAM_9674\"\n\t\t\t\t\talt=\"SAM_9674\"\n\t\t\t\t\tsrc=\"http:\/\/forstmuseum.at\/wp-content\/gallery\/horuck\/thumbs\/thumbs_SAM_9674.jpg\"\n\t\t\t\t\twidth=\"120\"\n\t\t\t\t\theight=\"90\"\n\t\t\t\t\tstyle=\"max-width:100%;\"\n\t\t\t\t\/>\n\t\t\t<\/a>\n\t\t<\/div>\n\t\t\t\t\t\t\t<\/div>\n\t\t\t\n\t\t\n\t\t\t\t<div id=\"ngg-image-11\" class=\"ngg-gallery-thumbnail-box\"\n\t\t\t\t\t\t\t\t\t\t\t>\n\t\t\t\t\t\t<div class=\"ngg-gallery-thumbnail\">\n\t\t\t<a href=\"http:\/\/forstmuseum.at\/wp-content\/gallery\/horuck\/SAM_9675.jpg\"\n\t\t\t\ttitle=\"\"\n\t\t\t\tdata-src=\"http:\/\/forstmuseum.at\/wp-content\/gallery\/horuck\/SAM_9675.jpg\"\n\t\t\t\tdata-thumbnail=\"http:\/\/forstmuseum.at\/wp-content\/gallery\/horuck\/thumbs\/thumbs_SAM_9675.jpg\"\n\t\t\t\tdata-image-id=\"1480\"\n\t\t\t\tdata-title=\"SAM_9675\"\n\t\t\t\tdata-description=\"\"\n\t\t\t\tdata-image-slug=\"sam_9675\"\n\t\t\t\t\t\t\t\t\t\t\t\t\t\t\t\t\t\t\t\tclass=\"ngg-fancybox\" rel=\"66a34e61e47c11e0fa9e4354a7652fba\">\n\t\t\t\t\t\t\t\t<img\n\t\t\t\t\ttitle=\"SAM_9675\"\n\t\t\t\t\talt=\"SAM_9675\"\n\t\t\t\t\tsrc=\"http:\/\/forstmuseum.at\/wp-content\/gallery\/horuck\/thumbs\/thumbs_SAM_9675.jpg\"\n\t\t\t\t\twidth=\"120\"\n\t\t\t\t\theight=\"90\"\n\t\t\t\t\tstyle=\"max-width:100%;\"\n\t\t\t\t\/>\n\t\t\t<\/a>\n\t\t<\/div>\n\t\t\t\t\t\t\t<\/div>\n\t\t\t\n\t\t\n\t\t\t\t<div id=\"ngg-image-12\" class=\"ngg-gallery-thumbnail-box\"\n\t\t\t\t\t\t\t\t\t\t\t>\n\t\t\t\t\t\t<div class=\"ngg-gallery-thumbnail\">\n\t\t\t<a href=\"http:\/\/forstmuseum.at\/wp-content\/gallery\/horuck\/SAM_9676.jpg\"\n\t\t\t\ttitle=\"\"\n\t\t\t\tdata-src=\"http:\/\/forstmuseum.at\/wp-content\/gallery\/horuck\/SAM_9676.jpg\"\n\t\t\t\tdata-thumbnail=\"http:\/\/forstmuseum.at\/wp-content\/gallery\/horuck\/thumbs\/thumbs_SAM_9676.jpg\"\n\t\t\t\tdata-image-id=\"1481\"\n\t\t\t\tdata-title=\"SAM_9676\"\n\t\t\t\tdata-description=\"\"\n\t\t\t\tdata-image-slug=\"sam_9676\"\n\t\t\t\t\t\t\t\t\t\t\t\t\t\t\t\t\t\t\t\tclass=\"ngg-fancybox\" rel=\"66a34e61e47c11e0fa9e4354a7652fba\">\n\t\t\t\t\t\t\t\t<img\n\t\t\t\t\ttitle=\"SAM_9676\"\n\t\t\t\t\talt=\"SAM_9676\"\n\t\t\t\t\tsrc=\"http:\/\/forstmuseum.at\/wp-content\/gallery\/horuck\/thumbs\/thumbs_SAM_9676.jpg\"\n\t\t\t\t\twidth=\"120\"\n\t\t\t\t\theight=\"90\"\n\t\t\t\t\tstyle=\"max-width:100%;\"\n\t\t\t\t\/>\n\t\t\t<\/a>\n\t\t<\/div>\n\t\t\t\t\t\t\t<\/div>\n\t\t\t\n\t\t\n\t\t\t\t<div id=\"ngg-image-13\" class=\"ngg-gallery-thumbnail-box\"\n\t\t\t\t\t\t\t\t\t\t\t>\n\t\t\t\t\t\t<div class=\"ngg-gallery-thumbnail\">\n\t\t\t<a href=\"http:\/\/forstmuseum.at\/wp-content\/gallery\/horuck\/SAM_9677.jpg\"\n\t\t\t\ttitle=\"\"\n\t\t\t\tdata-src=\"http:\/\/forstmuseum.at\/wp-content\/gallery\/horuck\/SAM_9677.jpg\"\n\t\t\t\tdata-thumbnail=\"http:\/\/forstmuseum.at\/wp-content\/gallery\/horuck\/thumbs\/thumbs_SAM_9677.jpg\"\n\t\t\t\tdata-image-id=\"1482\"\n\t\t\t\tdata-title=\"SAM_9677\"\n\t\t\t\tdata-description=\"\"\n\t\t\t\tdata-image-slug=\"sam_9677\"\n\t\t\t\t\t\t\t\t\t\t\t\t\t\t\t\t\t\t\t\tclass=\"ngg-fancybox\" rel=\"66a34e61e47c11e0fa9e4354a7652fba\">\n\t\t\t\t\t\t\t\t<img\n\t\t\t\t\ttitle=\"SAM_9677\"\n\t\t\t\t\talt=\"SAM_9677\"\n\t\t\t\t\tsrc=\"http:\/\/forstmuseum.at\/wp-content\/gallery\/horuck\/thumbs\/thumbs_SAM_9677.jpg\"\n\t\t\t\t\twidth=\"120\"\n\t\t\t\t\theight=\"90\"\n\t\t\t\t\tstyle=\"max-width:100%;\"\n\t\t\t\t\/>\n\t\t\t<\/a>\n\t\t<\/div>\n\t\t\t\t\t\t\t<\/div>\n\t\t\t\n\t\t\n\t\t\t\t<div id=\"ngg-image-14\" class=\"ngg-gallery-thumbnail-box\"\n\t\t\t\t\t\t\t\t\t\t\t>\n\t\t\t\t\t\t<div class=\"ngg-gallery-thumbnail\">\n\t\t\t<a href=\"http:\/\/forstmuseum.at\/wp-content\/gallery\/horuck\/SAM_9679.jpg\"\n\t\t\t\ttitle=\"\"\n\t\t\t\tdata-src=\"http:\/\/forstmuseum.at\/wp-content\/gallery\/horuck\/SAM_9679.jpg\"\n\t\t\t\tdata-thumbnail=\"http:\/\/forstmuseum.at\/wp-content\/gallery\/horuck\/thumbs\/thumbs_SAM_9679.jpg\"\n\t\t\t\tdata-image-id=\"1483\"\n\t\t\t\tdata-title=\"SAM_9679\"\n\t\t\t\tdata-description=\"\"\n\t\t\t\tdata-image-slug=\"sam_9679\"\n\t\t\t\t\t\t\t\t\t\t\t\t\t\t\t\t\t\t\t\tclass=\"ngg-fancybox\" rel=\"66a34e61e47c11e0fa9e4354a7652fba\">\n\t\t\t\t\t\t\t\t<img\n\t\t\t\t\ttitle=\"SAM_9679\"\n\t\t\t\t\talt=\"SAM_9679\"\n\t\t\t\t\tsrc=\"http:\/\/forstmuseum.at\/wp-content\/gallery\/horuck\/thumbs\/thumbs_SAM_9679.jpg\"\n\t\t\t\t\twidth=\"120\"\n\t\t\t\t\theight=\"90\"\n\t\t\t\t\tstyle=\"max-width:100%;\"\n\t\t\t\t\/>\n\t\t\t<\/a>\n\t\t<\/div>\n\t\t\t\t\t\t\t<\/div>\n\t\t\t\n\t\t\n\t\t\t\t<div id=\"ngg-image-15\" class=\"ngg-gallery-thumbnail-box\"\n\t\t\t\t\t\t\t\t\t\t\t>\n\t\t\t\t\t\t<div class=\"ngg-gallery-thumbnail\">\n\t\t\t<a href=\"http:\/\/forstmuseum.at\/wp-content\/gallery\/horuck\/SAM_9680.jpg\"\n\t\t\t\ttitle=\"\"\n\t\t\t\tdata-src=\"http:\/\/forstmuseum.at\/wp-content\/gallery\/horuck\/SAM_9680.jpg\"\n\t\t\t\tdata-thumbnail=\"http:\/\/forstmuseum.at\/wp-content\/gallery\/horuck\/thumbs\/thumbs_SAM_9680.jpg\"\n\t\t\t\tdata-image-id=\"1484\"\n\t\t\t\tdata-title=\"SAM_9680\"\n\t\t\t\tdata-description=\"\"\n\t\t\t\tdata-image-slug=\"sam_9680\"\n\t\t\t\t\t\t\t\t\t\t\t\t\t\t\t\t\t\t\t\tclass=\"ngg-fancybox\" rel=\"66a34e61e47c11e0fa9e4354a7652fba\">\n\t\t\t\t\t\t\t\t<img\n\t\t\t\t\ttitle=\"SAM_9680\"\n\t\t\t\t\talt=\"SAM_9680\"\n\t\t\t\t\tsrc=\"http:\/\/forstmuseum.at\/wp-content\/gallery\/horuck\/thumbs\/thumbs_SAM_9680.jpg\"\n\t\t\t\t\twidth=\"120\"\n\t\t\t\t\theight=\"90\"\n\t\t\t\t\tstyle=\"max-width:100%;\"\n\t\t\t\t\/>\n\t\t\t<\/a>\n\t\t<\/div>\n\t\t\t\t\t\t\t<\/div>\n\t\t\t\n\t\t\n\t\t\t\t<div id=\"ngg-image-16\" class=\"ngg-gallery-thumbnail-box\"\n\t\t\t\t\t\t\t\t\t\t\t>\n\t\t\t\t\t\t<div class=\"ngg-gallery-thumbnail\">\n\t\t\t<a href=\"http:\/\/forstmuseum.at\/wp-content\/gallery\/horuck\/SAM_9681.jpg\"\n\t\t\t\ttitle=\"\"\n\t\t\t\tdata-src=\"http:\/\/forstmuseum.at\/wp-content\/gallery\/horuck\/SAM_9681.jpg\"\n\t\t\t\tdata-thumbnail=\"http:\/\/forstmuseum.at\/wp-content\/gallery\/horuck\/thumbs\/thumbs_SAM_9681.jpg\"\n\t\t\t\tdata-image-id=\"1485\"\n\t\t\t\tdata-title=\"SAM_9681\"\n\t\t\t\tdata-description=\"\"\n\t\t\t\tdata-image-slug=\"sam_9681\"\n\t\t\t\t\t\t\t\t\t\t\t\t\t\t\t\t\t\t\t\tclass=\"ngg-fancybox\" rel=\"66a34e61e47c11e0fa9e4354a7652fba\">\n\t\t\t\t\t\t\t\t<img\n\t\t\t\t\ttitle=\"SAM_9681\"\n\t\t\t\t\talt=\"SAM_9681\"\n\t\t\t\t\tsrc=\"http:\/\/forstmuseum.at\/wp-content\/gallery\/horuck\/thumbs\/thumbs_SAM_9681.jpg\"\n\t\t\t\t\twidth=\"120\"\n\t\t\t\t\theight=\"90\"\n\t\t\t\t\tstyle=\"max-width:100%;\"\n\t\t\t\t\/>\n\t\t\t<\/a>\n\t\t<\/div>\n\t\t\t\t\t\t\t<\/div>\n\t\t\t\n\t\t\n\t\t\t\t<div id=\"ngg-image-17\" class=\"ngg-gallery-thumbnail-box\"\n\t\t\t\t\t\t\t\t\t\t\t>\n\t\t\t\t\t\t<div class=\"ngg-gallery-thumbnail\">\n\t\t\t<a href=\"http:\/\/forstmuseum.at\/wp-content\/gallery\/horuck\/SAM_9683.jpg\"\n\t\t\t\ttitle=\"\"\n\t\t\t\tdata-src=\"http:\/\/forstmuseum.at\/wp-content\/gallery\/horuck\/SAM_9683.jpg\"\n\t\t\t\tdata-thumbnail=\"http:\/\/forstmuseum.at\/wp-content\/gallery\/horuck\/thumbs\/thumbs_SAM_9683.jpg\"\n\t\t\t\tdata-image-id=\"1486\"\n\t\t\t\tdata-title=\"SAM_9683\"\n\t\t\t\tdata-description=\"\"\n\t\t\t\tdata-image-slug=\"sam_9683\"\n\t\t\t\t\t\t\t\t\t\t\t\t\t\t\t\t\t\t\t\tclass=\"ngg-fancybox\" rel=\"66a34e61e47c11e0fa9e4354a7652fba\">\n\t\t\t\t\t\t\t\t<img\n\t\t\t\t\ttitle=\"SAM_9683\"\n\t\t\t\t\talt=\"SAM_9683\"\n\t\t\t\t\tsrc=\"http:\/\/forstmuseum.at\/wp-content\/gallery\/horuck\/thumbs\/thumbs_SAM_9683.jpg\"\n\t\t\t\t\twidth=\"120\"\n\t\t\t\t\theight=\"90\"\n\t\t\t\t\tstyle=\"max-width:100%;\"\n\t\t\t\t\/>\n\t\t\t<\/a>\n\t\t<\/div>\n\t\t\t\t\t\t\t<\/div>\n\t\t\t\n\t\t\n\t\t\t\t<div id=\"ngg-image-18\" class=\"ngg-gallery-thumbnail-box\"\n\t\t\t\t\t\t\t\t\t\t\t>\n\t\t\t\t\t\t<div class=\"ngg-gallery-thumbnail\">\n\t\t\t<a href=\"http:\/\/forstmuseum.at\/wp-content\/gallery\/horuck\/SAM_9684.jpg\"\n\t\t\t\ttitle=\"\"\n\t\t\t\tdata-src=\"http:\/\/forstmuseum.at\/wp-content\/gallery\/horuck\/SAM_9684.jpg\"\n\t\t\t\tdata-thumbnail=\"http:\/\/forstmuseum.at\/wp-content\/gallery\/horuck\/thumbs\/thumbs_SAM_9684.jpg\"\n\t\t\t\tdata-image-id=\"1487\"\n\t\t\t\tdata-title=\"SAM_9684\"\n\t\t\t\tdata-description=\"\"\n\t\t\t\tdata-image-slug=\"sam_9684\"\n\t\t\t\t\t\t\t\t\t\t\t\t\t\t\t\t\t\t\t\tclass=\"ngg-fancybox\" rel=\"66a34e61e47c11e0fa9e4354a7652fba\">\n\t\t\t\t\t\t\t\t<img\n\t\t\t\t\ttitle=\"SAM_9684\"\n\t\t\t\t\talt=\"SAM_9684\"\n\t\t\t\t\tsrc=\"http:\/\/forstmuseum.at\/wp-content\/gallery\/horuck\/thumbs\/thumbs_SAM_9684.jpg\"\n\t\t\t\t\twidth=\"120\"\n\t\t\t\t\theight=\"90\"\n\t\t\t\t\tstyle=\"max-width:100%;\"\n\t\t\t\t\/>\n\t\t\t<\/a>\n\t\t<\/div>\n\t\t\t\t\t\t\t<\/div>\n\t\t\t\n\t\t\n\t\t\t\t<div id=\"ngg-image-19\" class=\"ngg-gallery-thumbnail-box\"\n\t\t\t\t\t\t\t\t\t\t\t>\n\t\t\t\t\t\t<div class=\"ngg-gallery-thumbnail\">\n\t\t\t<a href=\"http:\/\/forstmuseum.at\/wp-content\/gallery\/horuck\/SAM_9685.jpg\"\n\t\t\t\ttitle=\"\"\n\t\t\t\tdata-src=\"http:\/\/forstmuseum.at\/wp-content\/gallery\/horuck\/SAM_9685.jpg\"\n\t\t\t\tdata-thumbnail=\"http:\/\/forstmuseum.at\/wp-content\/gallery\/horuck\/thumbs\/thumbs_SAM_9685.jpg\"\n\t\t\t\tdata-image-id=\"1488\"\n\t\t\t\tdata-title=\"SAM_9685\"\n\t\t\t\tdata-description=\"\"\n\t\t\t\tdata-image-slug=\"sam_9685\"\n\t\t\t\t\t\t\t\t\t\t\t\t\t\t\t\t\t\t\t\tclass=\"ngg-fancybox\" rel=\"66a34e61e47c11e0fa9e4354a7652fba\">\n\t\t\t\t\t\t\t\t<img\n\t\t\t\t\ttitle=\"SAM_9685\"\n\t\t\t\t\talt=\"SAM_9685\"\n\t\t\t\t\tsrc=\"http:\/\/forstmuseum.at\/wp-content\/gallery\/horuck\/thumbs\/thumbs_SAM_9685.jpg\"\n\t\t\t\t\twidth=\"120\"\n\t\t\t\t\theight=\"90\"\n\t\t\t\t\tstyle=\"max-width:100%;\"\n\t\t\t\t\/>\n\t\t\t<\/a>\n\t\t<\/div>\n\t\t\t\t\t\t\t<\/div>\n\t\t\t\n\t\t\n\t\t\n\t\t<!-- Pagination -->\n\t\t<div class='ngg-navigation'><span class='current'>1<\/span>\n<a class='page-numbers' data-pageid='2' href='http:\/\/forstmuseum.at\/index.php\/nggallery\/page\/2?page_id=3661'>2<\/a>\n<span class='ellipsis'>...<\/span>\n<a class='page-numbers' data-pageid='13' href='http:\/\/forstmuseum.at\/index.php\/nggallery\/page\/13?page_id=3661'>13<\/a>\n<a class='prev' href='http:\/\/forstmuseum.at\/index.php\/nggallery\/page\/2?page_id=3661' data-pageid=\"2\">&#9658;<\/a><\/div>\t<\/div>\n<\/p>\n","protected":false},"excerpt":{"rendered":"<p>Wald &#8211; Thementag \u201eHo ruck- B\u00e4ume unterwegs\u201c in Gro\u00dfreifling Auf einem guten gemeinsamen Weg befinden sich Volksschule Landl, Forstmuseumsverein Gro\u00dfreifling und Forstbetrieb Steiermark der \u00d6sterreichischen Bundesforste AG \u2013 wenn es <a class=\"more-link\" href=\"http:\/\/forstmuseum.at\/?page_id=3661\">Continue Reading &rarr;<\/a><\/p>\n","protected":false},"author":1,"featured_media":0,"parent":19,"menu_order":0,"comment_status":"closed","ping_status":"closed","template":"","meta":{"ngg_post_thumbnail":0,"jetpack_post_was_ever_published":false,"footnotes":""},"class_list":["post-3661","page","type-page","status-publish","hentry"],"jetpack_sharing_enabled":true,"jetpack_shortlink":"https:\/\/wp.me\/P6yvln-X3","_links":{"self":[{"href":"http:\/\/forstmuseum.at\/index.php?rest_route=\/wp\/v2\/pages\/3661","targetHints":{"allow":["GET"]}}],"collection":[{"href":"http:\/\/forstmuseum.at\/index.php?rest_route=\/wp\/v2\/pages"}],"about":[{"href":"http:\/\/forstmuseum.at\/index.php?rest_route=\/wp\/v2\/types\/page"}],"author":[{"embeddable":true,"href":"http:\/\/forstmuseum.at\/index.php?rest_route=\/wp\/v2\/users\/1"}],"replies":[{"embeddable":true,"href":"http:\/\/forstmuseum.at\/index.php?rest_route=%2Fwp%2Fv2%2Fcomments&post=3661"}],"version-history":[{"count":2,"href":"http:\/\/forstmuseum.at\/index.php?rest_route=\/wp\/v2\/pages\/3661\/revisions"}],"predecessor-version":[{"id":4151,"href":"http:\/\/forstmuseum.at\/index.php?rest_route=\/wp\/v2\/pages\/3661\/revisions\/4151"}],"up":[{"embeddable":true,"href":"http:\/\/forstmuseum.at\/index.php?rest_route=\/wp\/v2\/pages\/19"}],"wp:attachment":[{"href":"http:\/\/forstmuseum.at\/index.php?rest_route=%2Fwp%2Fv2%2Fmedia&parent=3661"}],"curies":[{"name":"wp","href":"https:\/\/api.w.org\/{rel}","templated":true}]}}