{"id":45,"date":"2014-01-18T15:25:30","date_gmt":"2014-01-18T13:25:30","guid":{"rendered":"http:\/\/forstmuseum.at\/?page_id=45"},"modified":"2020-02-10T10:55:59","modified_gmt":"2020-02-10T09:55:59","slug":"forst-kultur","status":"publish","type":"page","link":"http:\/\/forstmuseum.at\/?page_id=45","title":{"rendered":"Forst &#038; Kultur"},"content":{"rendered":"<p><b>Wald und Holz im Mittelpunkt:<\/b><\/p>\n<p><b>\u201eForst und Kultur\u201c &#8211; Absolventen als Botschafter des Waldes<\/b><\/p>\n<p style=\"text-align: justify;\">Rechtzeitig zum Internationalen Jahr des Waldes 2011 sorgen 20 frischgebackene Absolventen des Zertifikationslehrgangs \u201eForst und Kultur\u201c f\u00fcr gute Arbeit in verschiedenen Waldregionen \u00d6sterreichs.<\/p>\n<p style=\"text-align: justify;\">Dieser innovative und praxisorientierter Beitrag zum Gesamtkonzept im Bereich Aus- und Weiterbildung des Lebensministeriums wurde in 2 Jahren mit 4 Wochenmodulen in Kursform an der FAST Ort in Gmunden zum 2. Mal durchgef\u00fchrt.<\/p>\n<p style=\"text-align: justify;\">120 Kursstunden verpackt in spannenden 4 Modulen mit zahlreichen Exkursionen und Lehreinheiten zur Geschichte der Forstwirtschaft, Waldnutzung und Waldbewirtschaftung, Quellenkunde, Partner aus dem Kulturbereich, Projektmanagement und Tourismus gingen mit einer Pr\u00e4sentation der Abschlussprojekte vor einer Jury feierlich zu ende.<\/p>\n<p style=\"text-align: justify;\">In der Steiermark, dem gr\u00fcnen Herz \u00d6sterreichs und Waldland Nr. 1, konnten nach DI Andreas Holzinger von den Stmk. Landesforsten mit dem umgesetzten Projekt \u201eHartelsgraben\u201c im ersten Lehrgang nun engagierte Forst und Kulturdamen diesen erfolgreichen Weg fortsetzen:<\/p>\n<p style=\"text-align: justify;\">Die entwickelte Projekte \u201eHo Ruck \u2013 Pferder\u00fcckung\u201c und \u201eWaldnutzung einst und jetzt\u201c von Marion und Judith Nestler aus Kraubath und Elisa Rosegger \u2013 Purkrabeks \u201e Auf den Spuren des Eisenerzer Wassermanns\u201c stehen vor der vielversprechenden Realisierung.<\/p>\n<p style=\"text-align: justify;\">F\u00fcr das \u00d6 Forstmuseum darf sich Mag. Veronika Frank mit dem Thema \u201eImmaterielles Kulturerbe im \u00d6 Forstmuseum \u2013 Objekte erz\u00e4hlen Geschichte(n), Adolf Grabner erz\u00e4hlt Forstgeschichte \u2013 Forst erz\u00e4hlt Kultur\u201c \u00fcber einen ausgezeichneten Kurserfolg freuen. Dabei wurde in einer umfangreichen Interviewreihe mit Museumskustos Adolf Grabner die Geschichte der Forstwirtschaft rund um den Steirischen Erzberg, Sammlungsgeschichte und Zeitzeugenwissen dokumentiert und f\u00fcr das Museum aufbereitet &#8211; wobei die Abteilung Trift und Fl\u00f6\u00dferei neu und spannend aufstellt wird.<\/p>\n<p style=\"text-align: center;\"><img decoding=\"async\" class=\"aligncenter\" style=\"border: 0px none;\" src=\"http:\/\/forstmuseum.at\/wp-content\/uploads\/2014\/02\/forstundkult2_450.jpg\" alt=\"\" border=\"0\" \/><\/p>\n<p style=\"text-align: justify;\">Auch die diesj\u00e4hrigen Veranstaltungen im Forstmuseum stehen ganz im Zeichen des Internationalen Jahr des Waldes:<\/p>\n<ul>\n<li>Thementage mit der Volksschule Landl zur Fr\u00fchlings- und Herbstzeit mit Museums- und waldp\u00e4dagogischen Elementen<\/li>\n<li>Museumsaktionstag \u201eObjekte erz\u00e4hlen Geschichte\u201c am 14. Mai 2011<\/li>\n<li>Forst- und Kulturwandertag am Gasteiger Rundwanderweg am 18. Juni<\/li>\n<li>Museumsfest und Tag der offenen T\u00fcr am 4. September 2011 in Kooperation mit der Landwirtschaftskammer Steiermark und PRO HOLZ<\/li>\n<li>Tag des Denkmals am 25. September mit einer forstkulturellen Spurensuche in Gro\u00dfreifling<\/li>\n<\/ul>\n<p style=\"text-align: justify;\">F\u00fcr Interessierte aus der Land- und Forstwirtschaft, Waldeigent\u00fcmer, Forstleute, Vertreter aus dem Museums, &#8211; Kultur- und Tourismusbereich beginnt 2011 wieder ein Zertifikationslehrgang \u201eForst und Kultur\u201c an der FAST Ort,\u00a0<a title=\"\" href=\"http:\/\/www.fastort.at\/\" target=\"_blank\" rel=\"noopener\">www.fastort.at<\/a>, Anmeldungen sind jederzeit m\u00f6glich!<\/p>\n<p>&nbsp;<\/p>\n<p><b>Abschluss des Zertifikationslehrgangs &#8222;Forst und Kultur&#8220;<\/b><br \/>\n11. Februar 2011 Gmunden<br \/>\nFAST Ort<\/p>\n<p>Alle Fotos:<br \/>\nCopyright Brunner Franz, FAST Ort<\/p>\n<p>\n<div class=\"ngg-galleryoverview ngg-slideshow\"\n\tid=\"ngg-slideshow-2cadff2a34e03edb862b0b6f1e86c4a3-1450661480\"\n\tdata-gallery-id=\"2cadff2a34e03edb862b0b6f1e86c4a3\"\n\tstyle=\"max-width: 450px;\n\t\t\tmax-height: 300px;\n\t\t\tdisplay: none;\">\n\n\t\n\t\t<a href=\"http:\/\/forstmuseum.at\/wp-content\/gallery\/fk\/fk1.jpg\"\n\t\t\ttitle=\"\"\n\t\t\tdata-src=\"http:\/\/forstmuseum.at\/wp-content\/gallery\/fk\/fk1.jpg\"\n\t\t\tdata-thumbnail=\"http:\/\/forstmuseum.at\/wp-content\/gallery\/fk\/thumbs\/thumbs_fk1.jpg\"\n\t\t\tdata-image-id=\"9\"\n\t\t\tdata-title=\"fk1\"\n\t\t\tdata-description=\"\"\n\t\t\t\t\t\t\t\t\t\t\t\t\t\t\tclass=\"ngg-fancybox\" rel=\"2cadff2a34e03edb862b0b6f1e86c4a3\">\n\t\t\t\n\t\t\t<img data-image-id='9'\n\t\t\t\ttitle=\"\"\n\t\t\t\talt=\"fk1\"\n\t\t\t\tsrc=\"http:\/\/forstmuseum.at\/wp-content\/gallery\/fk\/fk1.jpg\"\n\t\t\t\tstyle=\"max-height: 280px;\"\/>\n\t\t<\/a>\n\n\t\t\n\t\t<a href=\"http:\/\/forstmuseum.at\/wp-content\/gallery\/fk\/fk2.jpg\"\n\t\t\ttitle=\" \"\n\t\t\tdata-src=\"http:\/\/forstmuseum.at\/wp-content\/gallery\/fk\/fk2.jpg\"\n\t\t\tdata-thumbnail=\"http:\/\/forstmuseum.at\/wp-content\/gallery\/fk\/thumbs\/thumbs_fk2.jpg\"\n\t\t\tdata-image-id=\"10\"\n\t\t\tdata-title=\"fk2\"\n\t\t\tdata-description=\" \"\n\t\t\t\t\t\t\t\t\t\t\t\t\t\t\tclass=\"ngg-fancybox\" rel=\"2cadff2a34e03edb862b0b6f1e86c4a3\">\n\t\t\t\n\t\t\t<img data-image-id='10'\n\t\t\t\ttitle=\" \"\n\t\t\t\talt=\"fk2\"\n\t\t\t\tsrc=\"http:\/\/forstmuseum.at\/wp-content\/gallery\/fk\/fk2.jpg\"\n\t\t\t\tstyle=\"max-height: 280px;\"\/>\n\t\t<\/a>\n\n\t\t\n\t\t<a href=\"http:\/\/forstmuseum.at\/wp-content\/gallery\/fk\/fk3.jpg\"\n\t\t\ttitle=\" \"\n\t\t\tdata-src=\"http:\/\/forstmuseum.at\/wp-content\/gallery\/fk\/fk3.jpg\"\n\t\t\tdata-thumbnail=\"http:\/\/forstmuseum.at\/wp-content\/gallery\/fk\/thumbs\/thumbs_fk3.jpg\"\n\t\t\tdata-image-id=\"11\"\n\t\t\tdata-title=\"fk3\"\n\t\t\tdata-description=\" \"\n\t\t\t\t\t\t\t\t\t\t\t\t\t\t\tclass=\"ngg-fancybox\" rel=\"2cadff2a34e03edb862b0b6f1e86c4a3\">\n\t\t\t\n\t\t\t<img data-image-id='11'\n\t\t\t\ttitle=\" \"\n\t\t\t\talt=\"fk3\"\n\t\t\t\tsrc=\"http:\/\/forstmuseum.at\/wp-content\/gallery\/fk\/fk3.jpg\"\n\t\t\t\tstyle=\"max-height: 280px;\"\/>\n\t\t<\/a>\n\n\t\t\n\t\t<a href=\"http:\/\/forstmuseum.at\/wp-content\/gallery\/fk\/fk4.jpg\"\n\t\t\ttitle=\" \"\n\t\t\tdata-src=\"http:\/\/forstmuseum.at\/wp-content\/gallery\/fk\/fk4.jpg\"\n\t\t\tdata-thumbnail=\"http:\/\/forstmuseum.at\/wp-content\/gallery\/fk\/thumbs\/thumbs_fk4.jpg\"\n\t\t\tdata-image-id=\"12\"\n\t\t\tdata-title=\"fk4\"\n\t\t\tdata-description=\" \"\n\t\t\t\t\t\t\t\t\t\t\t\t\t\t\tclass=\"ngg-fancybox\" rel=\"2cadff2a34e03edb862b0b6f1e86c4a3\">\n\t\t\t\n\t\t\t<img data-image-id='12'\n\t\t\t\ttitle=\" \"\n\t\t\t\talt=\"fk4\"\n\t\t\t\tsrc=\"http:\/\/forstmuseum.at\/wp-content\/gallery\/fk\/fk4.jpg\"\n\t\t\t\tstyle=\"max-height: 280px;\"\/>\n\t\t<\/a>\n\n\t\t\n\t\t<a href=\"http:\/\/forstmuseum.at\/wp-content\/gallery\/fk\/fk5.jpg\"\n\t\t\ttitle=\" \"\n\t\t\tdata-src=\"http:\/\/forstmuseum.at\/wp-content\/gallery\/fk\/fk5.jpg\"\n\t\t\tdata-thumbnail=\"http:\/\/forstmuseum.at\/wp-content\/gallery\/fk\/thumbs\/thumbs_fk5.jpg\"\n\t\t\tdata-image-id=\"13\"\n\t\t\tdata-title=\"fk5\"\n\t\t\tdata-description=\" \"\n\t\t\t\t\t\t\t\t\t\t\t\t\t\t\tclass=\"ngg-fancybox\" rel=\"2cadff2a34e03edb862b0b6f1e86c4a3\">\n\t\t\t\n\t\t\t<img data-image-id='13'\n\t\t\t\ttitle=\" \"\n\t\t\t\talt=\"fk5\"\n\t\t\t\tsrc=\"http:\/\/forstmuseum.at\/wp-content\/gallery\/fk\/fk5.jpg\"\n\t\t\t\tstyle=\"max-height: 280px;\"\/>\n\t\t<\/a>\n\n\t\t\n\t\t<a href=\"http:\/\/forstmuseum.at\/wp-content\/gallery\/fk\/fk6.jpg\"\n\t\t\ttitle=\" \"\n\t\t\tdata-src=\"http:\/\/forstmuseum.at\/wp-content\/gallery\/fk\/fk6.jpg\"\n\t\t\tdata-thumbnail=\"http:\/\/forstmuseum.at\/wp-content\/gallery\/fk\/thumbs\/thumbs_fk6.jpg\"\n\t\t\tdata-image-id=\"14\"\n\t\t\tdata-title=\"fk6\"\n\t\t\tdata-description=\" \"\n\t\t\t\t\t\t\t\t\t\t\t\t\t\t\tclass=\"ngg-fancybox\" rel=\"2cadff2a34e03edb862b0b6f1e86c4a3\">\n\t\t\t\n\t\t\t<img data-image-id='14'\n\t\t\t\ttitle=\" \"\n\t\t\t\talt=\"fk6\"\n\t\t\t\tsrc=\"http:\/\/forstmuseum.at\/wp-content\/gallery\/fk\/fk6.jpg\"\n\t\t\t\tstyle=\"max-height: 280px;\"\/>\n\t\t<\/a>\n\n\t\t\n\t\t<a href=\"http:\/\/forstmuseum.at\/wp-content\/gallery\/fk\/fk7.jpg\"\n\t\t\ttitle=\" \"\n\t\t\tdata-src=\"http:\/\/forstmuseum.at\/wp-content\/gallery\/fk\/fk7.jpg\"\n\t\t\tdata-thumbnail=\"http:\/\/forstmuseum.at\/wp-content\/gallery\/fk\/thumbs\/thumbs_fk7.jpg\"\n\t\t\tdata-image-id=\"15\"\n\t\t\tdata-title=\"fk7\"\n\t\t\tdata-description=\" \"\n\t\t\t\t\t\t\t\t\t\t\t\t\t\t\tclass=\"ngg-fancybox\" rel=\"2cadff2a34e03edb862b0b6f1e86c4a3\">\n\t\t\t\n\t\t\t<img data-image-id='15'\n\t\t\t\ttitle=\" \"\n\t\t\t\talt=\"fk7\"\n\t\t\t\tsrc=\"http:\/\/forstmuseum.at\/wp-content\/gallery\/fk\/fk7.jpg\"\n\t\t\t\tstyle=\"max-height: 280px;\"\/>\n\t\t<\/a>\n\n\t\t\n\t\t<a href=\"http:\/\/forstmuseum.at\/wp-content\/gallery\/fk\/fk8.jpg\"\n\t\t\ttitle=\" \"\n\t\t\tdata-src=\"http:\/\/forstmuseum.at\/wp-content\/gallery\/fk\/fk8.jpg\"\n\t\t\tdata-thumbnail=\"http:\/\/forstmuseum.at\/wp-content\/gallery\/fk\/thumbs\/thumbs_fk8.jpg\"\n\t\t\tdata-image-id=\"16\"\n\t\t\tdata-title=\"fk8\"\n\t\t\tdata-description=\" \"\n\t\t\t\t\t\t\t\t\t\t\t\t\t\t\tclass=\"ngg-fancybox\" rel=\"2cadff2a34e03edb862b0b6f1e86c4a3\">\n\t\t\t\n\t\t\t<img data-image-id='16'\n\t\t\t\ttitle=\" \"\n\t\t\t\talt=\"fk8\"\n\t\t\t\tsrc=\"http:\/\/forstmuseum.at\/wp-content\/gallery\/fk\/fk8.jpg\"\n\t\t\t\tstyle=\"max-height: 280px;\"\/>\n\t\t<\/a>\n\n\t\t\n\t\t<a href=\"http:\/\/forstmuseum.at\/wp-content\/gallery\/fk\/fk9.jpg\"\n\t\t\ttitle=\" \"\n\t\t\tdata-src=\"http:\/\/forstmuseum.at\/wp-content\/gallery\/fk\/fk9.jpg\"\n\t\t\tdata-thumbnail=\"http:\/\/forstmuseum.at\/wp-content\/gallery\/fk\/thumbs\/thumbs_fk9.jpg\"\n\t\t\tdata-image-id=\"17\"\n\t\t\tdata-title=\"fk9\"\n\t\t\tdata-description=\" \"\n\t\t\t\t\t\t\t\t\t\t\t\t\t\t\tclass=\"ngg-fancybox\" rel=\"2cadff2a34e03edb862b0b6f1e86c4a3\">\n\t\t\t\n\t\t\t<img data-image-id='17'\n\t\t\t\ttitle=\" \"\n\t\t\t\talt=\"fk9\"\n\t\t\t\tsrc=\"http:\/\/forstmuseum.at\/wp-content\/gallery\/fk\/fk9.jpg\"\n\t\t\t\tstyle=\"max-height: 280px;\"\/>\n\t\t<\/a>\n\n\t\t\n\t\t<a href=\"http:\/\/forstmuseum.at\/wp-content\/gallery\/fk\/fk10.jpg\"\n\t\t\ttitle=\" \"\n\t\t\tdata-src=\"http:\/\/forstmuseum.at\/wp-content\/gallery\/fk\/fk10.jpg\"\n\t\t\tdata-thumbnail=\"http:\/\/forstmuseum.at\/wp-content\/gallery\/fk\/thumbs\/thumbs_fk10.jpg\"\n\t\t\tdata-image-id=\"18\"\n\t\t\tdata-title=\"fk10\"\n\t\t\tdata-description=\" \"\n\t\t\t\t\t\t\t\t\t\t\t\t\t\t\tclass=\"ngg-fancybox\" rel=\"2cadff2a34e03edb862b0b6f1e86c4a3\">\n\t\t\t\n\t\t\t<img data-image-id='18'\n\t\t\t\ttitle=\" \"\n\t\t\t\talt=\"fk10\"\n\t\t\t\tsrc=\"http:\/\/forstmuseum.at\/wp-content\/gallery\/fk\/fk10.jpg\"\n\t\t\t\tstyle=\"max-height: 280px;\"\/>\n\t\t<\/a>\n\n\t\t\n\t\t<a href=\"http:\/\/forstmuseum.at\/wp-content\/gallery\/fk\/fk11.jpg\"\n\t\t\ttitle=\" \"\n\t\t\tdata-src=\"http:\/\/forstmuseum.at\/wp-content\/gallery\/fk\/fk11.jpg\"\n\t\t\tdata-thumbnail=\"http:\/\/forstmuseum.at\/wp-content\/gallery\/fk\/thumbs\/thumbs_fk11.jpg\"\n\t\t\tdata-image-id=\"19\"\n\t\t\tdata-title=\"fk11\"\n\t\t\tdata-description=\" \"\n\t\t\t\t\t\t\t\t\t\t\t\t\t\t\tclass=\"ngg-fancybox\" rel=\"2cadff2a34e03edb862b0b6f1e86c4a3\">\n\t\t\t\n\t\t\t<img data-image-id='19'\n\t\t\t\ttitle=\" \"\n\t\t\t\talt=\"fk11\"\n\t\t\t\tsrc=\"http:\/\/forstmuseum.at\/wp-content\/gallery\/fk\/fk11.jpg\"\n\t\t\t\tstyle=\"max-height: 280px;\"\/>\n\t\t<\/a>\n\n\t\t\n\t\t<a href=\"http:\/\/forstmuseum.at\/wp-content\/gallery\/fk\/fk12.jpg\"\n\t\t\ttitle=\" \"\n\t\t\tdata-src=\"http:\/\/forstmuseum.at\/wp-content\/gallery\/fk\/fk12.jpg\"\n\t\t\tdata-thumbnail=\"http:\/\/forstmuseum.at\/wp-content\/gallery\/fk\/thumbs\/thumbs_fk12.jpg\"\n\t\t\tdata-image-id=\"20\"\n\t\t\tdata-title=\"fk12\"\n\t\t\tdata-description=\" \"\n\t\t\t\t\t\t\t\t\t\t\t\t\t\t\tclass=\"ngg-fancybox\" rel=\"2cadff2a34e03edb862b0b6f1e86c4a3\">\n\t\t\t\n\t\t\t<img data-image-id='20'\n\t\t\t\ttitle=\" \"\n\t\t\t\talt=\"fk12\"\n\t\t\t\tsrc=\"http:\/\/forstmuseum.at\/wp-content\/gallery\/fk\/fk12.jpg\"\n\t\t\t\tstyle=\"max-height: 280px;\"\/>\n\t\t<\/a>\n\n\t\t\n\t\t<a href=\"http:\/\/forstmuseum.at\/wp-content\/gallery\/fk\/fk13.jpg\"\n\t\t\ttitle=\" \"\n\t\t\tdata-src=\"http:\/\/forstmuseum.at\/wp-content\/gallery\/fk\/fk13.jpg\"\n\t\t\tdata-thumbnail=\"http:\/\/forstmuseum.at\/wp-content\/gallery\/fk\/thumbs\/thumbs_fk13.jpg\"\n\t\t\tdata-image-id=\"21\"\n\t\t\tdata-title=\"fk13\"\n\t\t\tdata-description=\" \"\n\t\t\t\t\t\t\t\t\t\t\t\t\t\t\tclass=\"ngg-fancybox\" rel=\"2cadff2a34e03edb862b0b6f1e86c4a3\">\n\t\t\t\n\t\t\t<img data-image-id='21'\n\t\t\t\ttitle=\" \"\n\t\t\t\talt=\"fk13\"\n\t\t\t\tsrc=\"http:\/\/forstmuseum.at\/wp-content\/gallery\/fk\/fk13.jpg\"\n\t\t\t\tstyle=\"max-height: 280px;\"\/>\n\t\t<\/a>\n\n\t\t\n\t\t<a href=\"http:\/\/forstmuseum.at\/wp-content\/gallery\/fk\/fk14.jpg\"\n\t\t\ttitle=\" \"\n\t\t\tdata-src=\"http:\/\/forstmuseum.at\/wp-content\/gallery\/fk\/fk14.jpg\"\n\t\t\tdata-thumbnail=\"http:\/\/forstmuseum.at\/wp-content\/gallery\/fk\/thumbs\/thumbs_fk14.jpg\"\n\t\t\tdata-image-id=\"22\"\n\t\t\tdata-title=\"fk14\"\n\t\t\tdata-description=\" \"\n\t\t\t\t\t\t\t\t\t\t\t\t\t\t\tclass=\"ngg-fancybox\" rel=\"2cadff2a34e03edb862b0b6f1e86c4a3\">\n\t\t\t\n\t\t\t<img data-image-id='22'\n\t\t\t\ttitle=\" \"\n\t\t\t\talt=\"fk14\"\n\t\t\t\tsrc=\"http:\/\/forstmuseum.at\/wp-content\/gallery\/fk\/fk14.jpg\"\n\t\t\t\tstyle=\"max-height: 280px;\"\/>\n\t\t<\/a>\n\n\t\t\n\t\t<a href=\"http:\/\/forstmuseum.at\/wp-content\/gallery\/fk\/fk15.jpg\"\n\t\t\ttitle=\" \"\n\t\t\tdata-src=\"http:\/\/forstmuseum.at\/wp-content\/gallery\/fk\/fk15.jpg\"\n\t\t\tdata-thumbnail=\"http:\/\/forstmuseum.at\/wp-content\/gallery\/fk\/thumbs\/thumbs_fk15.jpg\"\n\t\t\tdata-image-id=\"23\"\n\t\t\tdata-title=\"fk15\"\n\t\t\tdata-description=\" \"\n\t\t\t\t\t\t\t\t\t\t\t\t\t\t\tclass=\"ngg-fancybox\" rel=\"2cadff2a34e03edb862b0b6f1e86c4a3\">\n\t\t\t\n\t\t\t<img data-image-id='23'\n\t\t\t\ttitle=\" \"\n\t\t\t\talt=\"fk15\"\n\t\t\t\tsrc=\"http:\/\/forstmuseum.at\/wp-content\/gallery\/fk\/fk15.jpg\"\n\t\t\t\tstyle=\"max-height: 280px;\"\/>\n\t\t<\/a>\n\n\t\t\n\t\t<a href=\"http:\/\/forstmuseum.at\/wp-content\/gallery\/fk\/fk16.jpg\"\n\t\t\ttitle=\" \"\n\t\t\tdata-src=\"http:\/\/forstmuseum.at\/wp-content\/gallery\/fk\/fk16.jpg\"\n\t\t\tdata-thumbnail=\"http:\/\/forstmuseum.at\/wp-content\/gallery\/fk\/thumbs\/thumbs_fk16.jpg\"\n\t\t\tdata-image-id=\"24\"\n\t\t\tdata-title=\"fk16\"\n\t\t\tdata-description=\" \"\n\t\t\t\t\t\t\t\t\t\t\t\t\t\t\tclass=\"ngg-fancybox\" rel=\"2cadff2a34e03edb862b0b6f1e86c4a3\">\n\t\t\t\n\t\t\t<img data-image-id='24'\n\t\t\t\ttitle=\" \"\n\t\t\t\talt=\"fk16\"\n\t\t\t\tsrc=\"http:\/\/forstmuseum.at\/wp-content\/gallery\/fk\/fk16.jpg\"\n\t\t\t\tstyle=\"max-height: 280px;\"\/>\n\t\t<\/a>\n\n\t\t\n\t\t<a href=\"http:\/\/forstmuseum.at\/wp-content\/gallery\/fk\/fk17.jpg\"\n\t\t\ttitle=\" \"\n\t\t\tdata-src=\"http:\/\/forstmuseum.at\/wp-content\/gallery\/fk\/fk17.jpg\"\n\t\t\tdata-thumbnail=\"http:\/\/forstmuseum.at\/wp-content\/gallery\/fk\/thumbs\/thumbs_fk17.jpg\"\n\t\t\tdata-image-id=\"25\"\n\t\t\tdata-title=\"fk17\"\n\t\t\tdata-description=\" \"\n\t\t\t\t\t\t\t\t\t\t\t\t\t\t\tclass=\"ngg-fancybox\" rel=\"2cadff2a34e03edb862b0b6f1e86c4a3\">\n\t\t\t\n\t\t\t<img data-image-id='25'\n\t\t\t\ttitle=\" \"\n\t\t\t\talt=\"fk17\"\n\t\t\t\tsrc=\"http:\/\/forstmuseum.at\/wp-content\/gallery\/fk\/fk17.jpg\"\n\t\t\t\tstyle=\"max-height: 280px;\"\/>\n\t\t<\/a>\n\n\t\t<\/div>\n\n\n<\/p>\n","protected":false},"excerpt":{"rendered":"<p>Wald und Holz im Mittelpunkt: \u201eForst und Kultur\u201c &#8211; Absolventen als Botschafter des Waldes Rechtzeitig zum Internationalen Jahr des Waldes 2011 sorgen 20 frischgebackene Absolventen des Zertifikationslehrgangs \u201eForst und Kultur\u201c <a class=\"more-link\" href=\"http:\/\/forstmuseum.at\/?page_id=45\">Continue Reading &rarr;<\/a><\/p>\n","protected":false},"author":1,"featured_media":0,"parent":0,"menu_order":0,"comment_status":"closed","ping_status":"closed","template":"","meta":{"ngg_post_thumbnail":0,"jetpack_post_was_ever_published":false,"footnotes":""},"class_list":["post-45","page","type-page","status-publish","hentry"],"jetpack_sharing_enabled":true,"jetpack_shortlink":"https:\/\/wp.me\/P6yvln-J","_links":{"self":[{"href":"http:\/\/forstmuseum.at\/index.php?rest_route=\/wp\/v2\/pages\/45","targetHints":{"allow":["GET"]}}],"collection":[{"href":"http:\/\/forstmuseum.at\/index.php?rest_route=\/wp\/v2\/pages"}],"about":[{"href":"http:\/\/forstmuseum.at\/index.php?rest_route=\/wp\/v2\/types\/page"}],"author":[{"embeddable":true,"href":"http:\/\/forstmuseum.at\/index.php?rest_route=\/wp\/v2\/users\/1"}],"replies":[{"embeddable":true,"href":"http:\/\/forstmuseum.at\/index.php?rest_route=%2Fwp%2Fv2%2Fcomments&post=45"}],"version-history":[{"count":9,"href":"http:\/\/forstmuseum.at\/index.php?rest_route=\/wp\/v2\/pages\/45\/revisions"}],"predecessor-version":[{"id":5611,"href":"http:\/\/forstmuseum.at\/index.php?rest_route=\/wp\/v2\/pages\/45\/revisions\/5611"}],"wp:attachment":[{"href":"http:\/\/forstmuseum.at\/index.php?rest_route=%2Fwp%2Fv2%2Fmedia&parent=45"}],"curies":[{"name":"wp","href":"https:\/\/api.w.org\/{rel}","templated":true}]}}