{"id":4763,"date":"2016-12-08T21:10:37","date_gmt":"2016-12-08T20:10:37","guid":{"rendered":"http:\/\/forstmuseum.at\/?page_id=4763"},"modified":"2016-12-09T02:07:18","modified_gmt":"2016-12-09T01:07:18","slug":"waldweihnacht-im-forstmuseum-silvanum","status":"publish","type":"page","link":"http:\/\/forstmuseum.at\/?page_id=4763","title":{"rendered":"Waldweihnacht im Forstmuseum Silvanum"},"content":{"rendered":"<p><strong>Waldweihnacht im Forstmuseum Silvanum<\/strong><\/p>\n<p>Die Ernte ist eingebracht, die Tage sind kurz und es ist kalt geworden. Blumen und Gr\u00e4ser sind verbl\u00fcht, auch die B\u00e4ume haben ihre Bl\u00e4tter verloren.<\/p>\n<p>Genau die richtige Zeit, um mit der Volksschule Landl Waldweihnacht rund um das Forstmuseum Silvanum zu feiern.<\/p>\n<p>Bei einer Kirchenf\u00fchrung in der kleinen Nikolauskirche Gro\u00dfreifling wurde aus dem Leben des Hl. Nikolaus erz\u00e4hlt, dessen Namenstag am 6. Dezember gefeiert wird und der als Gabenbringer mit seinen lauten, zotteligen Begleitern viele Kinder besucht und beschenkt.<\/p>\n<p>Danach gings in Kleingruppen zu einem Waldspaziergang rund ums Forstmuseum, um die Natur beim Rasten und Ruhen zu beobachten.<\/p>\n<p>Da der Winter nur wenig Futterangebot f\u00fcr unsere V\u00f6gel bereith\u00e4lt, wurden die von den Kindern gesammelten und mitgebrachten Baumzapfen, Buchecker, N\u00fcsse, Mandeln, Hagebutten und Sonnenblumenk\u00f6rner in schmackhaftes Wintervogelfutter verwandelt. K\u00f6stliche Futterzapfen, Meisenkn\u00f6del, Nussgirlanden, \u00c4pfel und Karotte fanden als Baumschmuck auf den Fichtenb\u00e4umen gute Verwendung.<\/p>\n<p>F\u00fcr die Vogelschar daheim konnten Nikolausschifferl bef\u00fcllt und als Baumbehang mitgegeben werden.<\/p>\n<p>Nach getaner Arbeit wartete im Museum eine gem\u00fctliche Jause mit Pfeilers W\u00fcrstel und Schwarzlm\u00fcllers Bauernbrot, Brigittes duftendem Waldtee, Lebkuchentieren und einem bunten Keksebuffet auf die flei\u00dfigen Kinder. Zwischendurch sorgte eine lustige Kutschenfahrt, ein Schlittenabenteuer und eine Salzaflo\u00dffahrt im Forstmuseum f\u00fcr lehrreiche Unterhaltung.<\/p>\n<p>Viel W\u00e4rme im Herzen vermittelte die abschlie\u00dfende Feierstunde mit Weihnachtsgeschichten und Fl\u00f6tenspiel an diesem heiteren Vormittag mit den Sch\u00fclern und Lehrern der Volksschule Landl, in Zusammenarbeit mit dem Forstbetrieb Steiermark der \u00d6Bf \u2013 AG, Waldp\u00e4dagogik, Forst+Kultur und dem Forstmuseumsteam Gro\u00dfreifling.<\/p>\n<p>&nbsp;<\/p>\n<p>Ein gro\u00dfes Dankesch\u00f6n an ALLE f\u00fcr die gute Zusammenarbeit und &nbsp;besten W\u00fcnschen in der Advent- und Weihnachtszeit!<\/p>\n<p>&nbsp;<\/p>\nngg_shortcode_0_placeholder\n","protected":false},"excerpt":{"rendered":"<p>Waldweihnacht im Forstmuseum Silvanum Die Ernte ist eingebracht, die Tage sind kurz und es ist kalt geworden. Blumen und Gr\u00e4ser sind verbl\u00fcht, auch die B\u00e4ume haben ihre Bl\u00e4tter verloren. Genau <a class=\"more-link\" href=\"http:\/\/forstmuseum.at\/?page_id=4763\">Continue Reading &rarr;<\/a><\/p>\n","protected":false},"author":1,"featured_media":0,"parent":0,"menu_order":0,"comment_status":"closed","ping_status":"closed","template":"","meta":{"ngg_post_thumbnail":0,"jetpack_post_was_ever_published":false,"footnotes":""},"class_list":["post-4763","page","type-page","status-publish","hentry"],"jetpack_sharing_enabled":true,"jetpack_shortlink":"https:\/\/wp.me\/P6yvln-1eP","_links":{"self":[{"href":"http:\/\/forstmuseum.at\/index.php?rest_route=\/wp\/v2\/pages\/4763","targetHints":{"allow":["GET"]}}],"collection":[{"href":"http:\/\/forstmuseum.at\/index.php?rest_route=\/wp\/v2\/pages"}],"about":[{"href":"http:\/\/forstmuseum.at\/index.php?rest_route=\/wp\/v2\/types\/page"}],"author":[{"embeddable":true,"href":"http:\/\/forstmuseum.at\/index.php?rest_route=\/wp\/v2\/users\/1"}],"replies":[{"embeddable":true,"href":"http:\/\/forstmuseum.at\/index.php?rest_route=%2Fwp%2Fv2%2Fcomments&post=4763"}],"version-history":[{"count":3,"href":"http:\/\/forstmuseum.at\/index.php?rest_route=\/wp\/v2\/pages\/4763\/revisions"}],"predecessor-version":[{"id":5080,"href":"http:\/\/forstmuseum.at\/index.php?rest_route=\/wp\/v2\/pages\/4763\/revisions\/5080"}],"wp:attachment":[{"href":"http:\/\/forstmuseum.at\/index.php?rest_route=%2Fwp%2Fv2%2Fmedia&parent=4763"}],"curies":[{"name":"wp","href":"https:\/\/api.w.org\/{rel}","templated":true}]}}