{"id":1514,"date":"2014-05-30T13:19:00","date_gmt":"2014-05-30T12:19:00","guid":{"rendered":"http:\/\/forstmuseum.at\/?page_id=1514"},"modified":"2014-05-30T13:29:59","modified_gmt":"2014-05-30T12:29:59","slug":"marterlwanderung-in-landl","status":"publish","type":"page","link":"https:\/\/forstmuseum.at\/?page_id=1514","title":{"rendered":"Marterlwanderung in Landl"},"content":{"rendered":"<p><strong>Von Kirche zu Kirche<\/strong><\/p>\n<p style=\"text-align: justify;\">Pfarrgemeinderat und Museumsverein luden zur ersten Marterlwanderung nach Landl, wo sich Bettina Pfeiler und\u00a0 Mag. Veronika Frank, ausgebildete Kirchenf\u00fchrerin \u00fcber 30 Teilnehmer freuen durften.<\/p>\n<p style=\"text-align: justify;\"><img loading=\"lazy\" decoding=\"async\" class=\"alignright wp-image-1522\" src=\"http:\/\/forstmuseum.at\/wp-content\/uploads\/2014\/05\/Von-Kirche-zu-Kirche.jpg\" alt=\"\" width=\"300\" height=\"225\" srcset=\"https:\/\/forstmuseum.at\/wp-content\/uploads\/2014\/05\/Von-Kirche-zu-Kirche.jpg 4320w, https:\/\/forstmuseum.at\/wp-content\/uploads\/2014\/05\/Von-Kirche-zu-Kirche-300x225.jpg 300w, https:\/\/forstmuseum.at\/wp-content\/uploads\/2014\/05\/Von-Kirche-zu-Kirche-1024x768.jpg 1024w, https:\/\/forstmuseum.at\/wp-content\/uploads\/2014\/05\/Von-Kirche-zu-Kirche-400x300.jpg 400w\" sizes=\"auto, (max-width: 300px) 100vw, 300px\" \/>Am Ausgangspunkt \u00a0fand zun\u00e4chst eine F\u00fchrung durch die sp\u00e4tgotische Pfarrkirche St. Bartholom\u00e4us statt, wobei Baugeschichte, Heiligendarstellungen und Gnadenbilder am Hochaltar und in den Seitenkapellen auf gro\u00dfes Interesse stie\u00dfen. Von den Heiligen drei Madeln Barbara, Margarete und Katharina, dem popul\u00e4ren Br\u00fcckenheiligen Johannes Nepomuk und den Pestheiligen Sebastian und Rochus und den Auswirkungen des 2. Vatikanischen Konzils reichte die Vermittlung, spiegeln sich in der Innenausstattung wieder, wie anhand von Volksaltar und Kanzel gut sichtbar wurde.<\/p>\n<p style=\"text-align: justify;\">Einige Teilnehmer erz\u00e4hlten in stiller Einkehr ihre ganz pers\u00f6nlichen Erinnerungen bei den weiteren Stationen Dreifaltigkeitskapelle, Wolkenbruchkapelle und der Hackenschmiedkapelle nach dem\u00a0 \u00dcbergang in\u00a0 Gro\u00dfreifling, die einst aufgrund Stra\u00dfenbauarbeiten versetzt werden musste.<\/p>\n<p style=\"text-align: justify;\">Ein Gedenkstein an der Bundesstra\u00dfe \u00a0erinnert an einen verungl\u00fcckten Holzarbeiter beim Holzf\u00fchren, als sich bis in die 1940-er Jahre noch ein gro\u00dfes Holzlager in Gro\u00dfreifling befand. Dem Stra\u00dfenbau g\u00e4nzlich zum Opfer gefallen ist eine\u00a0 leider eine Kapelle an der Stra\u00dfenkreuzung in Gro\u00dfreifling.<\/p>\n<p style=\"text-align: justify;\">Erz- und Eisenvergangenheit, Kohlholzwirtschaft, Holzknechtleben, Trift und Fl\u00f6\u00dferei wird in der 1508 vom Gewerken Christian Schmied erbauten Nikolauskirche heute noch lebendig. Aufgrund ihrer ruhigen, getragenen Stimmung ist die mit vielen Kostbarkeiten ausgestattete kleine Kirche bei der heimischen Bev\u00f6lkerung als Tauf- und Hochzeitskirche sehr beliebt.<\/p>\n<p style=\"text-align: justify;\">Im Forstmuseum Silvanum erinnert heute noch die aus dem Jahr 1706 stammende Holzknechtfahne mit dem Hl. Nikolaus und dem Hl. Florian an einstige Heiligenverehrung und Volksfr\u00f6mmigkeit.<\/p>\n<p style=\"text-align: justify;\">\n<p><em>Lieber heiliger Nikolaus, komm doch heut in unser Haus<br \/>\n<\/em><em>Lehr uns an die Armen denken, dass uns teilen und verschenken.<br \/>\n<\/em><em>Zeig uns, wie man fr\u00f6hlich gibt, wie man hilft und wie man liebt.<\/em><\/p>\n<p>&nbsp;<\/p>\n<p><em>\u00a0<\/em><\/p>\n","protected":false},"excerpt":{"rendered":"<p>Von Kirche zu Kirche Pfarrgemeinderat und Museumsverein luden zur ersten Marterlwanderung nach Landl, wo sich Bettina Pfeiler und\u00a0 Mag. Veronika Frank, ausgebildete Kirchenf\u00fchrerin \u00fcber 30 Teilnehmer freuen durften. Am Ausgangspunkt <a class=\"more-link\" href=\"https:\/\/forstmuseum.at\/?page_id=1514\">Continue Reading &rarr;<\/a><\/p>\n","protected":false},"author":1,"featured_media":0,"parent":19,"menu_order":0,"comment_status":"closed","ping_status":"closed","template":"","meta":{"ngg_post_thumbnail":0,"jetpack_post_was_ever_published":false,"footnotes":""},"class_list":["post-1514","page","type-page","status-publish","hentry"],"jetpack_sharing_enabled":true,"jetpack_shortlink":"https:\/\/wp.me\/P6yvln-oq","_links":{"self":[{"href":"https:\/\/forstmuseum.at\/index.php?rest_route=\/wp\/v2\/pages\/1514","targetHints":{"allow":["GET"]}}],"collection":[{"href":"https:\/\/forstmuseum.at\/index.php?rest_route=\/wp\/v2\/pages"}],"about":[{"href":"https:\/\/forstmuseum.at\/index.php?rest_route=\/wp\/v2\/types\/page"}],"author":[{"embeddable":true,"href":"https:\/\/forstmuseum.at\/index.php?rest_route=\/wp\/v2\/users\/1"}],"replies":[{"embeddable":true,"href":"https:\/\/forstmuseum.at\/index.php?rest_route=%2Fwp%2Fv2%2Fcomments&post=1514"}],"version-history":[{"count":6,"href":"https:\/\/forstmuseum.at\/index.php?rest_route=\/wp\/v2\/pages\/1514\/revisions"}],"predecessor-version":[{"id":1525,"href":"https:\/\/forstmuseum.at\/index.php?rest_route=\/wp\/v2\/pages\/1514\/revisions\/1525"}],"up":[{"embeddable":true,"href":"https:\/\/forstmuseum.at\/index.php?rest_route=\/wp\/v2\/pages\/19"}],"wp:attachment":[{"href":"https:\/\/forstmuseum.at\/index.php?rest_route=%2Fwp%2Fv2%2Fmedia&parent=1514"}],"curies":[{"name":"wp","href":"https:\/\/api.w.org\/{rel}","templated":true}]}}