{"id":3612,"date":"2015-09-27T22:56:53","date_gmt":"2015-09-27T21:56:53","guid":{"rendered":"http:\/\/forstmuseum.at\/?page_id=3612"},"modified":"2015-09-27T23:35:01","modified_gmt":"2015-09-27T22:35:01","slug":"forstkultur-unterwegs-in-landl","status":"publish","type":"page","link":"https:\/\/forstmuseum.at\/?page_id=3612","title":{"rendered":"Forst+Kultur unterwegs in Landl"},"content":{"rendered":"<p>Wie spannend und vielschichtig das Thema Wege-Achsen-Perspektiven sein kann bewies die diesj\u00e4hrige Forst+Kultur Jahrestagung in der Region Eisenwurzen \u2013 Nationalpark Ges\u00e4use, veranstaltet vom Verein FOKUS, BFW-FAST Ort, Steierm\u00e4rkische Landesforste und Forstmuseum Silvanum Gro\u00dfreifling.<\/p>\n<p>Die rund 30 Teilnehmer aus ganz \u00d6sterreich erhielten am Tagungsort Gasthof Schnabl in Landl durch die in Fachkreisen\u00a0 hoch gesch\u00e4tzten Referenten Prof. Dr. Roman Sandgruber, Dr. Susanne Klemm, DI Dr. Wolfgang Jirikowski und Dipl. Forstwirt Dr. Elisabeth Johann erste Eindr\u00fccke in die Thematik Stra\u00dfe, wobei Bedeutung und Funktion von Wegstrecken einst und jetzt als Lebensadern im Mittelpunkt standen.<\/p>\n<p>Aus der Region konnten Prof. Dr. Josef Hasitschka und DI Andreas Holzinger als Fachexperten f\u00fcr materielles\/immaterielles Transportwesen und Transportlogistik in der Forstwirtschaft gewonnen werden. Einen besonderen H\u00f6hepunkt stellte der Beitrag Wallfahrtswege &#8211; Lebenswege des Admonter Benediktiner- Abts Bruno Hubl dar, der mit seinen Ausf\u00fchrungen das Auditorium vollends begeisterte.<\/p>\n<p>Nach der Jahreshauptversammlung des Absolventenverbandes FOKUS lud Mag. Veronika Frank zur Kirchenf\u00fchrung in die Nikolauskirche Gro\u00dfeifling und anschlie\u00dfend in den forstgeschichtlichen Wissensspeicher \u00d6 Forstmuseum zum gem\u00fctlichen Tagesausklang mit regionaler Kulinarik ein.<\/p>\n<p>Arch\u00e4ologin Susanne Klemm und Wolfgang Scheiblechner, ortskundiger Palfauer Schmied begaben sich am Exkursionstag auf Spurensuche zur \u00a0gesicherten Schnittstelle \u00a0der\u00a0 ehemaligen Proviantstra\u00dfe, Reste des Fangrechens und der Kohlst\u00e4tte in Palfau. Mit \u00a0Grundst\u00fcckeigent\u00fcmer \u00d6Bf-AG vertreten durch Ing. Martin Neuhold, Forstrevier Gro\u00dfreifling wurden M\u00f6glichkeiten einer nachhaltigen\u00a0 Zusammenarbeit erl\u00e4utert.<\/p>\n<p>Herbert Traisch \u00fcbernahm die F\u00fchrung durch Geozentrum und Nothsteig Gams und vermittelte eindrucksvoll die geologischen Besonderheiten des in internationalen Fachkreisen bekannten Geodorfes Gams.<\/p>\n<p>Alle Teilnehmer zeigten sich begeistert \u00fcber eine gelungene Veranstaltung mit viel Fachinformation, praktischen Erfahrungen und positiven Eindr\u00fccken in einer steirischen Region, die kr\u00e4ftige Lebenszeichen von sich gibt.<\/p>\n<p><a href=\"http:\/\/forstmuseum.at\/wp-content\/uploads\/2015\/09\/Exkursionsblatt-TK2015.pdf\" target=\"_blank\">Exkursionsblatt<\/a><br \/>\n<a href=\"http:\/\/forstmuseum.at\/wp-content\/uploads\/2015\/09\/Tagungsunterlagen-f\u00fcr-2015-Fokus.pdf\" target=\"_blank\">Tagungsunterlagen<\/a><\/p>\n<p>\n<div class=\"ngg-galleryoverview\" id=\"ngg-gallery-e53f770564d28003ec0851ca1246ec2c-3612\">\n\n\t\t\n\t<!-- Thumbnails -->\n\t\t\t\t\n\t<div id=\"ngg-image-1453\" class=\"ngg-gallery-thumbnail-box\" \n\t\t\t\t\t\t\t\t\t\t>\n\t\t<div class=\"ngg-gallery-thumbnail\" >\n\t\t\t<a href=\"\n\t\t\thttps:\/\/forstmuseum.at\/wp-content\/gallery\/forstkultur2015\/Abt-Bruno-Hubl-1.jpg\t\t\t\"\n\t\t\t\ttitle=\" \"\n\t\t\t\tclass=\"ngg-fancybox\" rel=\"e53f770564d28003ec0851ca1246ec2c\" data-image-id=\"1453\" data-src=\"https:\/\/forstmuseum.at\/wp-content\/gallery\/forstkultur2015\/Abt-Bruno-Hubl-1.jpg\" data-thumbnail=\"https:\/\/forstmuseum.at\/wp-content\/gallery\/forstkultur2015\/thumbs\/thumbs_Abt-Bruno-Hubl-1.jpg\" data-title=\"Abt Bruno Hubl (1)\" data-description=\" \"\t\t\t\t>\n\t\t\t\t\t\t\t\t<img title=\"Abt Bruno Hubl (1)\" alt=\"Abt Bruno Hubl (1)\" src=\"\n\t\t\t\t\t\t\t\t\t\thttps:\/\/forstmuseum.at\/wp-content\/gallery\/forstkultur2015\/thumbs\/thumbs_Abt-Bruno-Hubl-1.jpg\t\t\t\t\" \n\t\t\t\t\twidth='120' height='90'\t\t\t\t\/>\n\t\t\t\t\t\t\t<\/a>\n\t\t<\/div>\n\t<\/div>\n\n\t\t\t\t\t\t\t\t\t\n\t\n\t<div id=\"ngg-image-1454\" class=\"ngg-gallery-thumbnail-box\" \n\t\t\t\t\t\t\t\t\t\t>\n\t\t<div class=\"ngg-gallery-thumbnail\" >\n\t\t\t<a href=\"\n\t\t\thttps:\/\/forstmuseum.at\/wp-content\/gallery\/forstkultur2015\/Abt-Bruno-Hubl-1-3.jpg\t\t\t\"\n\t\t\t\ttitle=\" \"\n\t\t\t\tclass=\"ngg-fancybox\" rel=\"e53f770564d28003ec0851ca1246ec2c\" data-image-id=\"1454\" data-src=\"https:\/\/forstmuseum.at\/wp-content\/gallery\/forstkultur2015\/Abt-Bruno-Hubl-1-3.jpg\" data-thumbnail=\"https:\/\/forstmuseum.at\/wp-content\/gallery\/forstkultur2015\/thumbs\/thumbs_Abt-Bruno-Hubl-1-3.jpg\" data-title=\"Abt Bruno Hubl 1 (3)\" data-description=\" \"\t\t\t\t>\n\t\t\t\t\t\t\t\t<img title=\"Abt Bruno Hubl 1 (3)\" alt=\"Abt Bruno Hubl 1 (3)\" src=\"\n\t\t\t\t\t\t\t\t\t\thttps:\/\/forstmuseum.at\/wp-content\/gallery\/forstkultur2015\/thumbs\/thumbs_Abt-Bruno-Hubl-1-3.jpg\t\t\t\t\" \n\t\t\t\t\twidth='120' height='90'\t\t\t\t\/>\n\t\t\t\t\t\t\t<\/a>\n\t\t<\/div>\n\t<\/div>\n\n\t\t\t\t\t\t\t\t\t\n\t\n\t<div id=\"ngg-image-1455\" class=\"ngg-gallery-thumbnail-box\" \n\t\t\t\t\t\t\t\t\t\t>\n\t\t<div class=\"ngg-gallery-thumbnail\" >\n\t\t\t<a href=\"\n\t\t\thttps:\/\/forstmuseum.at\/wp-content\/gallery\/forstkultur2015\/andreas-Holzinger-3.jpg\t\t\t\"\n\t\t\t\ttitle=\" \"\n\t\t\t\tclass=\"ngg-fancybox\" rel=\"e53f770564d28003ec0851ca1246ec2c\" data-image-id=\"1455\" data-src=\"https:\/\/forstmuseum.at\/wp-content\/gallery\/forstkultur2015\/andreas-Holzinger-3.jpg\" data-thumbnail=\"https:\/\/forstmuseum.at\/wp-content\/gallery\/forstkultur2015\/thumbs\/thumbs_andreas-Holzinger-3.jpg\" data-title=\"andreas Holzinger (3)\" data-description=\" \"\t\t\t\t>\n\t\t\t\t\t\t\t\t<img title=\"andreas Holzinger (3)\" alt=\"andreas Holzinger (3)\" src=\"\n\t\t\t\t\t\t\t\t\t\thttps:\/\/forstmuseum.at\/wp-content\/gallery\/forstkultur2015\/thumbs\/thumbs_andreas-Holzinger-3.jpg\t\t\t\t\" \n\t\t\t\t\twidth='120' height='90'\t\t\t\t\/>\n\t\t\t\t\t\t\t<\/a>\n\t\t<\/div>\n\t<\/div>\n\n\t\t\t\t\t\t\t\t\t\n\t\n\t<div id=\"ngg-image-1456\" class=\"ngg-gallery-thumbnail-box\" \n\t\t\t\t\t\t\t\t\t\t>\n\t\t<div class=\"ngg-gallery-thumbnail\" >\n\t\t\t<a href=\"\n\t\t\thttps:\/\/forstmuseum.at\/wp-content\/gallery\/forstkultur2015\/BGM-Moser.jpg\t\t\t\"\n\t\t\t\ttitle=\" \"\n\t\t\t\tclass=\"ngg-fancybox\" rel=\"e53f770564d28003ec0851ca1246ec2c\" data-image-id=\"1456\" data-src=\"https:\/\/forstmuseum.at\/wp-content\/gallery\/forstkultur2015\/BGM-Moser.jpg\" data-thumbnail=\"https:\/\/forstmuseum.at\/wp-content\/gallery\/forstkultur2015\/thumbs\/thumbs_BGM-Moser.jpg\" data-title=\"BGM Moser\" data-description=\" \"\t\t\t\t>\n\t\t\t\t\t\t\t\t<img title=\"BGM Moser\" alt=\"BGM Moser\" src=\"\n\t\t\t\t\t\t\t\t\t\thttps:\/\/forstmuseum.at\/wp-content\/gallery\/forstkultur2015\/thumbs\/thumbs_BGM-Moser.jpg\t\t\t\t\" \n\t\t\t\t\twidth='120' height='90'\t\t\t\t\/>\n\t\t\t\t\t\t\t<\/a>\n\t\t<\/div>\n\t<\/div>\n\n\t\t\t\t\t\t\t\t\t\n\t\n\t<div id=\"ngg-image-1457\" class=\"ngg-gallery-thumbnail-box\" \n\t\t\t\t\t\t\t\t\t\t>\n\t\t<div class=\"ngg-gallery-thumbnail\" >\n\t\t\t<a href=\"\n\t\t\thttps:\/\/forstmuseum.at\/wp-content\/gallery\/forstkultur2015\/Elis.-Johann-2.jpg\t\t\t\"\n\t\t\t\ttitle=\" \"\n\t\t\t\tclass=\"ngg-fancybox\" rel=\"e53f770564d28003ec0851ca1246ec2c\" data-image-id=\"1457\" data-src=\"https:\/\/forstmuseum.at\/wp-content\/gallery\/forstkultur2015\/Elis.-Johann-2.jpg\" data-thumbnail=\"https:\/\/forstmuseum.at\/wp-content\/gallery\/forstkultur2015\/thumbs\/thumbs_Elis.-Johann-2.jpg\" data-title=\"Elis. Johann (2)\" data-description=\" \"\t\t\t\t>\n\t\t\t\t\t\t\t\t<img title=\"Elis. Johann (2)\" alt=\"Elis. Johann (2)\" src=\"\n\t\t\t\t\t\t\t\t\t\thttps:\/\/forstmuseum.at\/wp-content\/gallery\/forstkultur2015\/thumbs\/thumbs_Elis.-Johann-2.jpg\t\t\t\t\" \n\t\t\t\t\twidth='120' height='90'\t\t\t\t\/>\n\t\t\t\t\t\t\t<\/a>\n\t\t<\/div>\n\t<\/div>\n\n\t\t\t\t\t\t\t\t\t\n\t\n\t<div id=\"ngg-image-1458\" class=\"ngg-gallery-thumbnail-box\" \n\t\t\t\t\t\t\t\t\t\t>\n\t\t<div class=\"ngg-gallery-thumbnail\" >\n\t\t\t<a href=\"\n\t\t\thttps:\/\/forstmuseum.at\/wp-content\/gallery\/forstkultur2015\/Grieshofer-5.jpg\t\t\t\"\n\t\t\t\ttitle=\" \"\n\t\t\t\tclass=\"ngg-fancybox\" rel=\"e53f770564d28003ec0851ca1246ec2c\" data-image-id=\"1458\" data-src=\"https:\/\/forstmuseum.at\/wp-content\/gallery\/forstkultur2015\/Grieshofer-5.jpg\" data-thumbnail=\"https:\/\/forstmuseum.at\/wp-content\/gallery\/forstkultur2015\/thumbs\/thumbs_Grieshofer-5.jpg\" data-title=\"Grieshofer (5)\" data-description=\" \"\t\t\t\t>\n\t\t\t\t\t\t\t\t<img title=\"Grieshofer (5)\" alt=\"Grieshofer (5)\" src=\"\n\t\t\t\t\t\t\t\t\t\thttps:\/\/forstmuseum.at\/wp-content\/gallery\/forstkultur2015\/thumbs\/thumbs_Grieshofer-5.jpg\t\t\t\t\" \n\t\t\t\t\twidth='120' height='90'\t\t\t\t\/>\n\t\t\t\t\t\t\t<\/a>\n\t\t<\/div>\n\t<\/div>\n\n\t\t\t\t\t\t\t\t\t\n\t\n\t<div id=\"ngg-image-1463\" class=\"ngg-gallery-thumbnail-box\" \n\t\t\t\t\t\t\t\t\t\t>\n\t\t<div class=\"ngg-gallery-thumbnail\" >\n\t\t\t<a href=\"\n\t\t\thttps:\/\/forstmuseum.at\/wp-content\/gallery\/forstkultur2015\/Palfau-40.jpg\t\t\t\"\n\t\t\t\ttitle=\" \"\n\t\t\t\tclass=\"ngg-fancybox\" rel=\"e53f770564d28003ec0851ca1246ec2c\" data-image-id=\"1463\" data-src=\"https:\/\/forstmuseum.at\/wp-content\/gallery\/forstkultur2015\/Palfau-40.jpg\" data-thumbnail=\"https:\/\/forstmuseum.at\/wp-content\/gallery\/forstkultur2015\/thumbs\/thumbs_Palfau-40.jpg\" data-title=\"Palfau (40)\" data-description=\" \"\t\t\t\t>\n\t\t\t\t\t\t\t\t<img title=\"Palfau (40)\" alt=\"Palfau (40)\" src=\"\n\t\t\t\t\t\t\t\t\t\thttps:\/\/forstmuseum.at\/wp-content\/gallery\/forstkultur2015\/thumbs\/thumbs_Palfau-40.jpg\t\t\t\t\" \n\t\t\t\t\twidth='120' height='90'\t\t\t\t\/>\n\t\t\t\t\t\t\t<\/a>\n\t\t<\/div>\n\t<\/div>\n\n\t\t\t\t\t\t\t\t\t\n\t\n\t<div id=\"ngg-image-1464\" class=\"ngg-gallery-thumbnail-box\" \n\t\t\t\t\t\t\t\t\t\t>\n\t\t<div class=\"ngg-gallery-thumbnail\" >\n\t\t\t<a href=\"\n\t\t\thttps:\/\/forstmuseum.at\/wp-content\/gallery\/forstkultur2015\/Palfau-43.jpg\t\t\t\"\n\t\t\t\ttitle=\" \"\n\t\t\t\tclass=\"ngg-fancybox\" rel=\"e53f770564d28003ec0851ca1246ec2c\" data-image-id=\"1464\" data-src=\"https:\/\/forstmuseum.at\/wp-content\/gallery\/forstkultur2015\/Palfau-43.jpg\" data-thumbnail=\"https:\/\/forstmuseum.at\/wp-content\/gallery\/forstkultur2015\/thumbs\/thumbs_Palfau-43.jpg\" data-title=\"Palfau (43)\" data-description=\" \"\t\t\t\t>\n\t\t\t\t\t\t\t\t<img title=\"Palfau (43)\" alt=\"Palfau (43)\" src=\"\n\t\t\t\t\t\t\t\t\t\thttps:\/\/forstmuseum.at\/wp-content\/gallery\/forstkultur2015\/thumbs\/thumbs_Palfau-43.jpg\t\t\t\t\" \n\t\t\t\t\twidth='120' height='90'\t\t\t\t\/>\n\t\t\t\t\t\t\t<\/a>\n\t\t<\/div>\n\t<\/div>\n\n\t\t\t\t\t\t\t\t\t\n\t\n\t<div id=\"ngg-image-1459\" class=\"ngg-gallery-thumbnail-box\" \n\t\t\t\t\t\t\t\t\t\t>\n\t\t<div class=\"ngg-gallery-thumbnail\" >\n\t\t\t<a href=\"\n\t\t\thttps:\/\/forstmuseum.at\/wp-content\/gallery\/forstkultur2015\/Gruppenbild-Museum-1.jpg\t\t\t\"\n\t\t\t\ttitle=\" \"\n\t\t\t\tclass=\"ngg-fancybox\" rel=\"e53f770564d28003ec0851ca1246ec2c\" data-image-id=\"1459\" data-src=\"https:\/\/forstmuseum.at\/wp-content\/gallery\/forstkultur2015\/Gruppenbild-Museum-1.jpg\" data-thumbnail=\"https:\/\/forstmuseum.at\/wp-content\/gallery\/forstkultur2015\/thumbs\/thumbs_Gruppenbild-Museum-1.jpg\" data-title=\"Gruppenbild Museum (1)\" data-description=\" \"\t\t\t\t>\n\t\t\t\t\t\t\t\t<img title=\"Gruppenbild Museum (1)\" alt=\"Gruppenbild Museum (1)\" src=\"\n\t\t\t\t\t\t\t\t\t\thttps:\/\/forstmuseum.at\/wp-content\/gallery\/forstkultur2015\/thumbs\/thumbs_Gruppenbild-Museum-1.jpg\t\t\t\t\" \n\t\t\t\t\twidth='120' height='90'\t\t\t\t\/>\n\t\t\t\t\t\t\t<\/a>\n\t\t<\/div>\n\t<\/div>\n\n\t\t\t\t\t\t\t\t\t\n\t\n\t<div id=\"ngg-image-1460\" class=\"ngg-gallery-thumbnail-box\" \n\t\t\t\t\t\t\t\t\t\t>\n\t\t<div class=\"ngg-gallery-thumbnail\" >\n\t\t\t<a href=\"\n\t\t\thttps:\/\/forstmuseum.at\/wp-content\/gallery\/forstkultur2015\/Hasitschka-1.jpg\t\t\t\"\n\t\t\t\ttitle=\" \"\n\t\t\t\tclass=\"ngg-fancybox\" rel=\"e53f770564d28003ec0851ca1246ec2c\" data-image-id=\"1460\" data-src=\"https:\/\/forstmuseum.at\/wp-content\/gallery\/forstkultur2015\/Hasitschka-1.jpg\" data-thumbnail=\"https:\/\/forstmuseum.at\/wp-content\/gallery\/forstkultur2015\/thumbs\/thumbs_Hasitschka-1.jpg\" data-title=\"Hasitschka (1)\" data-description=\" \"\t\t\t\t>\n\t\t\t\t\t\t\t\t<img title=\"Hasitschka (1)\" alt=\"Hasitschka (1)\" src=\"\n\t\t\t\t\t\t\t\t\t\thttps:\/\/forstmuseum.at\/wp-content\/gallery\/forstkultur2015\/thumbs\/thumbs_Hasitschka-1.jpg\t\t\t\t\" \n\t\t\t\t\twidth='120' height='90'\t\t\t\t\/>\n\t\t\t\t\t\t\t<\/a>\n\t\t<\/div>\n\t<\/div>\n\n\t\t\t\t\t\t\t\t\t\n\t\n\t<div id=\"ngg-image-1461\" class=\"ngg-gallery-thumbnail-box\" \n\t\t\t\t\t\t\t\t\t\t>\n\t\t<div class=\"ngg-gallery-thumbnail\" >\n\t\t\t<a href=\"\n\t\t\thttps:\/\/forstmuseum.at\/wp-content\/gallery\/forstkultur2015\/Nikolauskirche-2.jpg\t\t\t\"\n\t\t\t\ttitle=\" \"\n\t\t\t\tclass=\"ngg-fancybox\" rel=\"e53f770564d28003ec0851ca1246ec2c\" data-image-id=\"1461\" data-src=\"https:\/\/forstmuseum.at\/wp-content\/gallery\/forstkultur2015\/Nikolauskirche-2.jpg\" data-thumbnail=\"https:\/\/forstmuseum.at\/wp-content\/gallery\/forstkultur2015\/thumbs\/thumbs_Nikolauskirche-2.jpg\" data-title=\"Nikolauskirche (2)\" data-description=\" \"\t\t\t\t>\n\t\t\t\t\t\t\t\t<img title=\"Nikolauskirche (2)\" alt=\"Nikolauskirche (2)\" src=\"\n\t\t\t\t\t\t\t\t\t\thttps:\/\/forstmuseum.at\/wp-content\/gallery\/forstkultur2015\/thumbs\/thumbs_Nikolauskirche-2.jpg\t\t\t\t\" \n\t\t\t\t\twidth='120' height='90'\t\t\t\t\/>\n\t\t\t\t\t\t\t<\/a>\n\t\t<\/div>\n\t<\/div>\n\n\t\t\t\t\t\t\t\t\t\n\t\n\t<div id=\"ngg-image-1462\" class=\"ngg-gallery-thumbnail-box\" \n\t\t\t\t\t\t\t\t\t\t>\n\t\t<div class=\"ngg-gallery-thumbnail\" >\n\t\t\t<a href=\"\n\t\t\thttps:\/\/forstmuseum.at\/wp-content\/gallery\/forstkultur2015\/Nothklamm.jpg\t\t\t\"\n\t\t\t\ttitle=\" \"\n\t\t\t\tclass=\"ngg-fancybox\" rel=\"e53f770564d28003ec0851ca1246ec2c\" data-image-id=\"1462\" data-src=\"https:\/\/forstmuseum.at\/wp-content\/gallery\/forstkultur2015\/Nothklamm.jpg\" data-thumbnail=\"https:\/\/forstmuseum.at\/wp-content\/gallery\/forstkultur2015\/thumbs\/thumbs_Nothklamm.jpg\" data-title=\"Nothklamm\" data-description=\" \"\t\t\t\t>\n\t\t\t\t\t\t\t\t<img title=\"Nothklamm\" alt=\"Nothklamm\" src=\"\n\t\t\t\t\t\t\t\t\t\thttps:\/\/forstmuseum.at\/wp-content\/gallery\/forstkultur2015\/thumbs\/thumbs_Nothklamm.jpg\t\t\t\t\" \n\t\t\t\t\twidth='120' height='90'\t\t\t\t\/>\n\t\t\t\t\t\t\t<\/a>\n\t\t<\/div>\n\t<\/div>\n\n\t\t\t\t\t\t\t\t\t\n\t\n\t<div id=\"ngg-image-1465\" class=\"ngg-gallery-thumbnail-box\" \n\t\t\t\t\t\t\t\t\t\t>\n\t\t<div class=\"ngg-gallery-thumbnail\" >\n\t\t\t<a href=\"\n\t\t\thttps:\/\/forstmuseum.at\/wp-content\/gallery\/forstkultur2015\/Prof.-Hasitschka-1.jpg\t\t\t\"\n\t\t\t\ttitle=\" \"\n\t\t\t\tclass=\"ngg-fancybox\" rel=\"e53f770564d28003ec0851ca1246ec2c\" data-image-id=\"1465\" data-src=\"https:\/\/forstmuseum.at\/wp-content\/gallery\/forstkultur2015\/Prof.-Hasitschka-1.jpg\" data-thumbnail=\"https:\/\/forstmuseum.at\/wp-content\/gallery\/forstkultur2015\/thumbs\/thumbs_Prof.-Hasitschka-1.jpg\" data-title=\"Prof. Hasitschka (1)\" data-description=\" \"\t\t\t\t>\n\t\t\t\t\t\t\t\t<img title=\"Prof. Hasitschka (1)\" alt=\"Prof. Hasitschka (1)\" src=\"\n\t\t\t\t\t\t\t\t\t\thttps:\/\/forstmuseum.at\/wp-content\/gallery\/forstkultur2015\/thumbs\/thumbs_Prof.-Hasitschka-1.jpg\t\t\t\t\" \n\t\t\t\t\twidth='120' height='90'\t\t\t\t\/>\n\t\t\t\t\t\t\t<\/a>\n\t\t<\/div>\n\t<\/div>\n\n\t\t\t\t\t\t\t\t\t\n\t\n\t<div id=\"ngg-image-1466\" class=\"ngg-gallery-thumbnail-box\" \n\t\t\t\t\t\t\t\t\t\t>\n\t\t<div class=\"ngg-gallery-thumbnail\" >\n\t\t\t<a href=\"\n\t\t\thttps:\/\/forstmuseum.at\/wp-content\/gallery\/forstkultur2015\/Sanddgruber-1.jpg\t\t\t\"\n\t\t\t\ttitle=\" \"\n\t\t\t\tclass=\"ngg-fancybox\" rel=\"e53f770564d28003ec0851ca1246ec2c\" data-image-id=\"1466\" data-src=\"https:\/\/forstmuseum.at\/wp-content\/gallery\/forstkultur2015\/Sanddgruber-1.jpg\" data-thumbnail=\"https:\/\/forstmuseum.at\/wp-content\/gallery\/forstkultur2015\/thumbs\/thumbs_Sanddgruber-1.jpg\" data-title=\"Sanddgruber (1)\" data-description=\" \"\t\t\t\t>\n\t\t\t\t\t\t\t\t<img title=\"Sanddgruber (1)\" alt=\"Sanddgruber (1)\" src=\"\n\t\t\t\t\t\t\t\t\t\thttps:\/\/forstmuseum.at\/wp-content\/gallery\/forstkultur2015\/thumbs\/thumbs_Sanddgruber-1.jpg\t\t\t\t\" \n\t\t\t\t\twidth='120' height='90'\t\t\t\t\/>\n\t\t\t\t\t\t\t<\/a>\n\t\t<\/div>\n\t<\/div>\n\n\t\t\t\t\t\t\t\t\t\n\t\n\t<div id=\"ngg-image-1467\" class=\"ngg-gallery-thumbnail-box\" \n\t\t\t\t\t\t\t\t\t\t>\n\t\t<div class=\"ngg-gallery-thumbnail\" >\n\t\t\t<a href=\"\n\t\t\thttps:\/\/forstmuseum.at\/wp-content\/gallery\/forstkultur2015\/Susanne-Klemm-1.jpg\t\t\t\"\n\t\t\t\ttitle=\" \"\n\t\t\t\tclass=\"ngg-fancybox\" rel=\"e53f770564d28003ec0851ca1246ec2c\" data-image-id=\"1467\" data-src=\"https:\/\/forstmuseum.at\/wp-content\/gallery\/forstkultur2015\/Susanne-Klemm-1.jpg\" data-thumbnail=\"https:\/\/forstmuseum.at\/wp-content\/gallery\/forstkultur2015\/thumbs\/thumbs_Susanne-Klemm-1.jpg\" data-title=\"Susanne Klemm (1)\" data-description=\" \"\t\t\t\t>\n\t\t\t\t\t\t\t\t<img title=\"Susanne Klemm (1)\" alt=\"Susanne Klemm (1)\" src=\"\n\t\t\t\t\t\t\t\t\t\thttps:\/\/forstmuseum.at\/wp-content\/gallery\/forstkultur2015\/thumbs\/thumbs_Susanne-Klemm-1.jpg\t\t\t\t\" \n\t\t\t\t\twidth='120' height='90'\t\t\t\t\/>\n\t\t\t\t\t\t\t<\/a>\n\t\t<\/div>\n\t<\/div>\n\n\t\t\t\t\t\t\t\t\t\n\t\n\t<div id=\"ngg-image-1468\" class=\"ngg-gallery-thumbnail-box\" \n\t\t\t\t\t\t\t\t\t\t>\n\t\t<div class=\"ngg-gallery-thumbnail\" >\n\t\t\t<a href=\"\n\t\t\thttps:\/\/forstmuseum.at\/wp-content\/gallery\/forstkultur2015\/Wolfgang-Jirikowski-3.jpg\t\t\t\"\n\t\t\t\ttitle=\" \"\n\t\t\t\tclass=\"ngg-fancybox\" rel=\"e53f770564d28003ec0851ca1246ec2c\" data-image-id=\"1468\" data-src=\"https:\/\/forstmuseum.at\/wp-content\/gallery\/forstkultur2015\/Wolfgang-Jirikowski-3.jpg\" data-thumbnail=\"https:\/\/forstmuseum.at\/wp-content\/gallery\/forstkultur2015\/thumbs\/thumbs_Wolfgang-Jirikowski-3.jpg\" data-title=\"Wolfgang Jirikowski (3)\" data-description=\" \"\t\t\t\t>\n\t\t\t\t\t\t\t\t<img title=\"Wolfgang Jirikowski (3)\" alt=\"Wolfgang Jirikowski (3)\" src=\"\n\t\t\t\t\t\t\t\t\t\thttps:\/\/forstmuseum.at\/wp-content\/gallery\/forstkultur2015\/thumbs\/thumbs_Wolfgang-Jirikowski-3.jpg\t\t\t\t\" \n\t\t\t\t\twidth='120' height='90'\t\t\t\t\/>\n\t\t\t\t\t\t\t<\/a>\n\t\t<\/div>\n\t<\/div>\n\n\t\t\t\t\t\t\t\t\t\n\t\n\t<!-- Pagination -->\n\t\t<div class='ngg-clear'><\/div>\n<\/div>\n\n\t<\/p>\n<p>&nbsp;<\/p>\n","protected":false},"excerpt":{"rendered":"<p>Wie spannend und vielschichtig das Thema Wege-Achsen-Perspektiven sein kann bewies die diesj\u00e4hrige Forst+Kultur Jahrestagung in der Region Eisenwurzen \u2013 Nationalpark Ges\u00e4use, veranstaltet vom Verein FOKUS, BFW-FAST Ort, Steierm\u00e4rkische Landesforste und <a class=\"more-link\" href=\"https:\/\/forstmuseum.at\/?page_id=3612\">Continue Reading &rarr;<\/a><\/p>\n","protected":false},"author":1,"featured_media":0,"parent":19,"menu_order":0,"comment_status":"closed","ping_status":"closed","template":"","meta":{"ngg_post_thumbnail":0,"jetpack_post_was_ever_published":false,"footnotes":""},"class_list":["post-3612","page","type-page","status-publish","hentry"],"jetpack_sharing_enabled":true,"jetpack_shortlink":"https:\/\/wp.me\/P6yvln-Wg","_links":{"self":[{"href":"https:\/\/forstmuseum.at\/index.php?rest_route=\/wp\/v2\/pages\/3612","targetHints":{"allow":["GET"]}}],"collection":[{"href":"https:\/\/forstmuseum.at\/index.php?rest_route=\/wp\/v2\/pages"}],"about":[{"href":"https:\/\/forstmuseum.at\/index.php?rest_route=\/wp\/v2\/types\/page"}],"author":[{"embeddable":true,"href":"https:\/\/forstmuseum.at\/index.php?rest_route=\/wp\/v2\/users\/1"}],"replies":[{"embeddable":true,"href":"https:\/\/forstmuseum.at\/index.php?rest_route=%2Fwp%2Fv2%2Fcomments&post=3612"}],"version-history":[{"count":5,"href":"https:\/\/forstmuseum.at\/index.php?rest_route=\/wp\/v2\/pages\/3612\/revisions"}],"predecessor-version":[{"id":3655,"href":"https:\/\/forstmuseum.at\/index.php?rest_route=\/wp\/v2\/pages\/3612\/revisions\/3655"}],"up":[{"embeddable":true,"href":"https:\/\/forstmuseum.at\/index.php?rest_route=\/wp\/v2\/pages\/19"}],"wp:attachment":[{"href":"https:\/\/forstmuseum.at\/index.php?rest_route=%2Fwp%2Fv2%2Fmedia&parent=3612"}],"curies":[{"name":"wp","href":"https:\/\/api.w.org\/{rel}","templated":true}]}}