{"id":5559,"date":"2018-12-10T20:25:45","date_gmt":"2018-12-10T19:25:45","guid":{"rendered":"http:\/\/forstmuseum.at\/?page_id=5559"},"modified":"2018-12-10T20:28:23","modified_gmt":"2018-12-10T19:28:23","slug":"waldadvent-im-forstmuseum-silvanum","status":"publish","type":"page","link":"https:\/\/forstmuseum.at\/?page_id=5559","title":{"rendered":"Waldadvent im Forstmuseum Silvanum"},"content":{"rendered":"<p><strong>Waldadvent im Forstmuseum Silvanum <\/strong><\/p>\n<p><strong>Der diesj\u00e4hrige Waldthementag \u201eecht Grass\u201c der Volksschule Landl im Forstmuseum Silvanum war dem k\u00fcrzlich verstorbenen Museumsgr\u00fcnder Adolf Grabner gewidmet.<\/strong><\/p>\n<p>Das Forstmuseum Silvanum in Gro\u00dfreifling wurde 1771 als ehemaliger Getreidespeicher f\u00fcr Korn und Lebensmittel erbaut, hat 7 Stockwerke und 64 Fenster und beherbergt seit 1979 die von Adolf Grabner eingerichtete forstkulturelle Schausammlung.<\/p>\n<p>Die Winterruhe im Museum eignet sich gut f\u00fcr Wald \u2013 Schulstunden, um aus \u201eGrass\u201c Tannenreisig und Naturmaterialien Waldschmuck f\u00fcr die&nbsp; Advent- und Weihnachtszeit vorzubereiten.<\/p>\n<p>Die bei Waldausg\u00e4ngen gesammelten und mitgebrachten Materialien, wie Reisig, Zapfen, Bucheckern, Kastanien Federn u.a. verwandelten sich unter 100 geschickten Kinderh\u00e4nden zu wundersch\u00f6nen Waldgestecken.<\/p>\n<p>Ein von Jakob und Johannes mitgebrachter Schneemann ging als Geschenk an die seit Herbst pensionierte Volksschuldirektorin Gerda Moser, die der Museumseinladung gerne folgte. Geburtstagskind VL Dipl. P\u00e4d. Margot Sulzbacher wurde mit einem sch\u00f6nen Adventgesteck \u00fcberrascht.<\/p>\n<p>Ein gro\u00dfes Dankesch\u00f6n ergeht an die Firma Hofer Kerzen in Weyer f\u00fcr die gro\u00dfz\u00fcgige Kerzenspende und Bienenvater Rudi Thalhuber f\u00fcr die Bienenwachsplatten.<\/p>\n<p>Gest\u00e4rkt mit Brigittes k\u00f6stlicher K\u00fcrbis- Erd\u00e4pfelsuppe, Tee und Keksen traf man sich in der &nbsp;Nikolauskirche Gro\u00dfreifling, um dem mildt\u00e4tigen Gabenspender beim Nikolausspiel zu w\u00fcrdigen und danke zu sagen!<\/p>\nngg_shortcode_0_placeholder\n","protected":false},"excerpt":{"rendered":"<p>Waldadvent im Forstmuseum Silvanum Der diesj\u00e4hrige Waldthementag \u201eecht Grass\u201c der Volksschule Landl im Forstmuseum Silvanum war dem k\u00fcrzlich verstorbenen Museumsgr\u00fcnder Adolf Grabner gewidmet. Das Forstmuseum Silvanum in Gro\u00dfreifling wurde 1771 <a class=\"more-link\" href=\"https:\/\/forstmuseum.at\/?page_id=5559\">Continue Reading &rarr;<\/a><\/p>\n","protected":false},"author":1,"featured_media":0,"parent":19,"menu_order":0,"comment_status":"closed","ping_status":"closed","template":"","meta":{"ngg_post_thumbnail":0,"jetpack_post_was_ever_published":false,"footnotes":""},"class_list":["post-5559","page","type-page","status-publish","hentry"],"jetpack_sharing_enabled":true,"jetpack_shortlink":"https:\/\/wp.me\/P6yvln-1rF","_links":{"self":[{"href":"https:\/\/forstmuseum.at\/index.php?rest_route=\/wp\/v2\/pages\/5559","targetHints":{"allow":["GET"]}}],"collection":[{"href":"https:\/\/forstmuseum.at\/index.php?rest_route=\/wp\/v2\/pages"}],"about":[{"href":"https:\/\/forstmuseum.at\/index.php?rest_route=\/wp\/v2\/types\/page"}],"author":[{"embeddable":true,"href":"https:\/\/forstmuseum.at\/index.php?rest_route=\/wp\/v2\/users\/1"}],"replies":[{"embeddable":true,"href":"https:\/\/forstmuseum.at\/index.php?rest_route=%2Fwp%2Fv2%2Fcomments&post=5559"}],"version-history":[{"count":3,"href":"https:\/\/forstmuseum.at\/index.php?rest_route=\/wp\/v2\/pages\/5559\/revisions"}],"predecessor-version":[{"id":5572,"href":"https:\/\/forstmuseum.at\/index.php?rest_route=\/wp\/v2\/pages\/5559\/revisions\/5572"}],"up":[{"embeddable":true,"href":"https:\/\/forstmuseum.at\/index.php?rest_route=\/wp\/v2\/pages\/19"}],"wp:attachment":[{"href":"https:\/\/forstmuseum.at\/index.php?rest_route=%2Fwp%2Fv2%2Fmedia&parent=5559"}],"curies":[{"name":"wp","href":"https:\/\/api.w.org\/{rel}","templated":true}]}}