{"id":764,"date":"2014-04-17T19:08:06","date_gmt":"2014-04-17T18:08:06","guid":{"rendered":"http:\/\/forstmuseum.at\/?page_id=764"},"modified":"2014-04-17T19:10:29","modified_gmt":"2014-04-17T18:10:29","slug":"museumsleitbild","status":"publish","type":"page","link":"https:\/\/forstmuseum.at\/?page_id=764","title":{"rendered":"Museumsleitbild"},"content":{"rendered":"<p><strong>\u00d6sterreichisches Forstmuseum Silvanum<\/strong><\/p>\n<p><a href=\"http:\/\/forstmuseum.at\/wp-content\/uploads\/2014\/04\/silvanum.jpg\"><img loading=\"lazy\" decoding=\"async\" class=\"alignnone size-full wp-image-765\" src=\"http:\/\/forstmuseum.at\/wp-content\/uploads\/2014\/04\/silvanum.jpg\" alt=\"Old Growth Douglas Fir Trees\" width=\"800\" height=\"370\" srcset=\"https:\/\/forstmuseum.at\/wp-content\/uploads\/2014\/04\/silvanum.jpg 800w, https:\/\/forstmuseum.at\/wp-content\/uploads\/2014\/04\/silvanum-300x138.jpg 300w, https:\/\/forstmuseum.at\/wp-content\/uploads\/2014\/04\/silvanum-500x231.jpg 500w\" sizes=\"auto, (max-width: 800px) 100vw, 800px\" \/><\/a><\/p>\n<p style=\"text-align: justify;\">Das \u00d6sterreichische Forstmuseum wurde\u00a01979 von FOL Adolf Grabner im ehemaligen Getreidespeicher der Innerberger Hauptgewerkschaft von 1771 in Gro\u00dfreifling \u00a0gegr\u00fcndet und stellt eine zentrale Museumseinrichtung und regionalen Leitbetrieb zur Geschichte der \u00f6sterreichischen Forstwirtschaft dar.\u00a0Tr\u00e4ger ist der Forstmuseumsverein Gro\u00dfreifling.<\/p>\n<p style=\"text-align: justify;\">Ziel ist es, die Sammlungsobjekte aus dem 19. Jhdt. und 20. Jhdt. \u00a0in einer attraktiven Ausstellung den Besuchern zu pr\u00e4sentieren und das Museum zum Wissensspeicher f\u00fcr Forstgeschichte und moderne Forstwirtschaft zu machen. Aus der Sammlung materiellen und immateriellen Kulturerbes werden \u00a0natur- und kulturhistorische Zusammenh\u00e4nge sichtbar und nachhaltige Entwicklungen deutlich.\u00a0Ein Besuch im Forstmuseum soll \u00a0Freude und Interesse wecken.<\/p>\n<p>Jeder Besucher ist uns willkommen!<\/p>\n<p style=\"text-align: justify;\">Zielgruppen sind natur- und kulturinteressierte Besucher\u00a0 aus der Region, aus \u00d6sterreich und internationale G\u00e4ste, Einzelbesucher, Familien und Gruppen, Fachgruppen aus der Forstwirtschaft, Berufsverb\u00e4nde und Touristen, besonders Kinder- und Schulklassen.<\/p>\n<p>Im Mittelpunkt steht der Mensch und der Wald.<\/p>\n<p>Mit Respekt vor den Leistungen der Vergangenheit will unser Forstmuseum eine Drehscheibe f\u00fcr Forst + Kultur, Begegnungen, Bildung und Vermittlung<\/p>\n<p>von altem Wissen f\u00fcr Gegenwart und Zukunft sein.<\/p>\n<p>&nbsp;<\/p>\n<p><strong>Museumskonzept und Sammlungskonzept<\/strong><\/p>\n<p style=\"text-align: justify;\"><strong>Schwerpunkt unserer Museumsarbeit\u00a0<\/strong>ist es, die Begeisterung f\u00fcr Natur, Umwelt und Kultur zu wecken\u00a0 und\u00a0 \u201eVielfalt leben\u201c\u00a0 zu zeigen, unter Einbeziehung der Leistungen der Vergangenheit,\u00a0 Gegenwart und zuk\u00fcnftigen Entwicklungen.<\/p>\n<p style=\"text-align: justify;\">Das \u00d6 Forstmuseum entwickelt seine Projekte, Veranstaltungen und Vermittlungsprogramme immer mit dem Mensch im Mittelpunkt in kulturellen, wirtschaftlichen und gesellschaftlichen Zusammenh\u00e4ngen.<\/p>\n<p style=\"text-align: justify;\">Forstschichte wird f\u00fcr die breite \u00d6ffentlichkeit erlebbar \u2013 generations\u00fcbergreifend und \u00fcberregional, wissenschaftlich fundiert, verst\u00e4ndlich und nachvollziehbar.<\/p>\n<p style=\"text-align: justify;\">Das Museumsteam ist\u00a0 begeistert von Mensch und Wald als Bildungs- und Freizeitort und strebt durch intensive Vermittlungsarbeit die aktive Einbeziehung eines Publikums, besonders der Kinder und Jugendlichen an.\u00a0Die Sammlung verf\u00fcgt \u00fcber 1700 Exponate, die im ehemaligen Getreidespeicher auf rund 1500 m2 auf vier Ausstellungsebenen zu sehen sind.<\/p>\n<p style=\"text-align: justify;\">Seit 2005\u00a0 wird gemeinsam mit VERDANDI, Ausstellungs- und Museumsplanungs GesmH an der Umarbeitung der Schausammlung in eine Ausstellung mit den Schwerpunkten<\/p>\n<p style=\"padding-left: 30px;\">EG \u00a0 \u00a0Das Silvanum &amp;\u00a0Der Holztransport zu Lande<br \/>\n1 OG\u00a0\u00a0\u00a0 Die Welt der Forstarbeiter<br \/>\n2 OG \u00a0 \u00a0Holztransport am Wasser<br \/>\n3 OG \u00a0 \u00a0Der Wald als Klimafaktor<br \/>\n3D Kino des Nationalpark Ges\u00e4use<br \/>\n4 OG \u00a0 \u00a0Begehbares Depot<\/p>\n<p>gearbeitet.<\/p>\n<p>&nbsp;<\/p>\n<p><strong>Verwalten und Gestalten der forstgeschichtlichen Sammlung<\/strong><\/p>\n<p>Museumsbetrieb in der Museumssaison Mai &#8211; Oktober<br \/>\nErhaltung Erweiterung der Sammlung<br \/>\nInventarisierung und Restaurierung<br \/>\nWissenschaftliche Forschungst\u00e4tigkeit, Feldforschung und Oral history<br \/>\nFachbibliothek<br \/>\nInteraktive Schlittenfahrt und Flo\u00dffahrt<br \/>\n3D Kino Nationalpark Ges\u00e4use mit Naturfilmen<br \/>\nFotoviewer mit oralhistory \u2013Aufnahmen des Museumsgr\u00fcnders Adolf Grabner<br \/>\nClementiduck als Nachbau einer Holzknechth\u00fctte f\u00fcr authentische Vermittlungsarbeit<\/p>\n<p>&nbsp;<\/p>\n<p><strong>Netzwerke und Kooperationen<\/strong><\/p>\n<p>Land Steiermark, Gemeinde Landl, Bev\u00f6lkerung und Handwerker<br \/>\n\u00d6sterreichische Bundesforste AG u.a.\u00a0 forstliche Institutionen<br \/>\nVolksschule Landl<br \/>\nForst + Kultur \u00a0und Drehscheibe Waldp\u00e4dagogik<br \/>\nNationalparkpartnerschaft Ges\u00e4use<br \/>\nMUSIS\u00a0 Museen und Sammlungen in der Steiermark<br \/>\nMuseumsverbund \u2013 Museen an der Eisenstra\u00dfe<br \/>\nDenkmalamt, TU Universit\u00e4t Graz<\/p>\n<p>&nbsp;<\/p>\n<p><strong>\u00d6ffentlichkeitsarbeit und Veranstaltungen<\/strong><\/p>\n<p>J\u00e4hrliches Mitteilungsblatt des \u00d6 Forstmuseumsvereins Gro\u00dfreifling<br \/>\nHomepage www.forstmuseum.at<br \/>\nFacebook<br \/>\nPublikationen und Ver\u00f6ffentlichungen in Print- und E- Medien<br \/>\nBesuch von Weiterbildungsveranstaltungen<br \/>\nForst+Kulturwandertage<br \/>\nAktionstage<br \/>\nWaldthementage mit Schulen<br \/>\nVolkskulturelle Veranstaltungen<br \/>\nKultur an der Eisenstra\u00dfe<br \/>\nMuseumsfest<\/p>\n","protected":false},"excerpt":{"rendered":"<p>\u00d6sterreichisches Forstmuseum Silvanum Das \u00d6sterreichische Forstmuseum wurde\u00a01979 von FOL Adolf Grabner im ehemaligen Getreidespeicher der Innerberger Hauptgewerkschaft von 1771 in Gro\u00dfreifling \u00a0gegr\u00fcndet und stellt eine zentrale Museumseinrichtung und regionalen Leitbetrieb <a class=\"more-link\" href=\"https:\/\/forstmuseum.at\/?page_id=764\">Continue Reading &rarr;<\/a><\/p>\n","protected":false},"author":1,"featured_media":0,"parent":0,"menu_order":0,"comment_status":"closed","ping_status":"closed","template":"","meta":{"ngg_post_thumbnail":0,"jetpack_post_was_ever_published":false,"footnotes":""},"class_list":["post-764","page","type-page","status-publish","hentry"],"jetpack_sharing_enabled":true,"jetpack_shortlink":"https:\/\/wp.me\/P6yvln-ck","_links":{"self":[{"href":"https:\/\/forstmuseum.at\/index.php?rest_route=\/wp\/v2\/pages\/764","targetHints":{"allow":["GET"]}}],"collection":[{"href":"https:\/\/forstmuseum.at\/index.php?rest_route=\/wp\/v2\/pages"}],"about":[{"href":"https:\/\/forstmuseum.at\/index.php?rest_route=\/wp\/v2\/types\/page"}],"author":[{"embeddable":true,"href":"https:\/\/forstmuseum.at\/index.php?rest_route=\/wp\/v2\/users\/1"}],"replies":[{"embeddable":true,"href":"https:\/\/forstmuseum.at\/index.php?rest_route=%2Fwp%2Fv2%2Fcomments&post=764"}],"version-history":[{"count":8,"href":"https:\/\/forstmuseum.at\/index.php?rest_route=\/wp\/v2\/pages\/764\/revisions"}],"predecessor-version":[{"id":774,"href":"https:\/\/forstmuseum.at\/index.php?rest_route=\/wp\/v2\/pages\/764\/revisions\/774"}],"wp:attachment":[{"href":"https:\/\/forstmuseum.at\/index.php?rest_route=%2Fwp%2Fv2%2Fmedia&parent=764"}],"curies":[{"name":"wp","href":"https:\/\/api.w.org\/{rel}","templated":true}]}}